{"id":620,"date":"2025-09-08T01:20:30","date_gmt":"2025-09-08T01:20:30","guid":{"rendered":"https:\/\/enavoltenergy.com\/?page_id=620"},"modified":"2025-09-22T23:14:01","modified_gmt":"2025-09-22T23:14:01","slug":"about-us","status":"publish","type":"page","link":"https:\/\/enavoltenergy.com\/en\/about-us\/","title":{"rendered":"About Us"},"content":{"rendered":"<div data-elementor-type=\"wp-page\" data-elementor-id=\"620\" class=\"elementor elementor-620\" data-elementor-settings=\"{&quot;ha_cmc_init_switcher&quot;:&quot;no&quot;}\" data-elementor-post-type=\"page\">\n\t\t\t\t<div data-ha-partstyle=\"nasa\" data-ha-partcolor=\"#08A89E\" data-ha-partopacity=\"\" data-ha-partdirection=\"bottom\" class=\"elementor-element elementor-element-0b3f548 ha-particle-yes e-flex e-con-boxed ha-particle-adv-no e-con e-parent\" data-id=\"0b3f548\" data-element_type=\"container\" data-settings=\"{&quot;background_background&quot;:&quot;classic&quot;,&quot;_ha_eqh_enable&quot;:false}\">\n\t\t\t\t\t<div class=\"e-con-inner\">\n\t\t\t\t<div class=\"elementor-element elementor-element-33e424e elementor-widget__width-inherit elementor-invisible elementor-widget elementor-widget-heading\" data-id=\"33e424e\" data-element_type=\"widget\" data-settings=\"{&quot;_animation&quot;:&quot;fadeIn&quot;,&quot;_animation_delay&quot;:300}\" data-widget_type=\"heading.default\">\n\t\t\t\t\t<h1 class=\"elementor-heading-title elementor-size-default\">About Us<\/h1>\t\t\t\t<\/div>\n\t\t<div class=\"elementor-element elementor-element-a3730b3 e-con-full e-flex e-con e-child\" data-id=\"a3730b3\" data-element_type=\"container\" data-settings=\"{&quot;_ha_eqh_enable&quot;:false}\">\n\t\t\t\t<div class=\"elementor-element elementor-element-0a37473 elementor-icon-list--layout-inline elementor-align-center elementor-list-item-link-full_width elementor-widget elementor-widget-icon-list\" data-id=\"0a37473\" data-element_type=\"widget\" data-widget_type=\"icon-list.default\">\n\t\t\t\t\t\t\t<ul class=\"elementor-icon-list-items elementor-inline-items\">\n\t\t\t\t\t\t\t<li class=\"elementor-icon-list-item elementor-inline-item\">\n\t\t\t\t\t\t\t\t\t\t\t<a href=\"https:\/\/enavoltenergy.com\/en\">\n\n\t\t\t\t\t\t\t\t\t\t\t<span class=\"elementor-icon-list-text\">Home<\/span>\n\t\t\t\t\t\t\t\t\t\t\t<\/a>\n\t\t\t\t\t\t\t\t\t<\/li>\n\t\t\t\t\t\t<\/ul>\n\t\t\t\t\t\t<\/div>\n\t\t\t\t<div class=\"elementor-element elementor-element-06881f5 elementor-icon-list--layout-inline elementor-align-center elementor-list-item-link-full_width elementor-widget elementor-widget-icon-list\" data-id=\"06881f5\" data-element_type=\"widget\" data-widget_type=\"icon-list.default\">\n\t\t\t\t\t\t\t<ul class=\"elementor-icon-list-items elementor-inline-items\">\n\t\t\t\t\t\t\t<li class=\"elementor-icon-list-item elementor-inline-item\">\n\t\t\t\t\t\t\t\t\t\t\t<a href=\"https:\/\/enavoltenergy.com\/en\/about-us\/\">\n\n\t\t\t\t\t\t\t\t\t\t\t\t<span class=\"elementor-icon-list-icon\">\n\t\t\t\t\t\t\t<svg aria-hidden=\"true\" class=\"e-font-icon-svg e-fas-chevron-right\" viewbox=\"0 0 320 512\" xmlns=\"http:\/\/www.w3.org\/2000\/svg\"><path d=\"M285.476 272.971L91.132 467.314c-9.373 9.373-24.569 9.373-33.941 0l-22.667-22.667c-9.357-9.357-9.375-24.522-.04-33.901L188.505 256 34.484 101.255c-9.335-9.379-9.317-24.544.04-33.901l22.667-22.667c9.373-9.373 24.569-9.373 33.941 0L285.475 239.03c9.373 9.372 9.373 24.568.001 33.941z\"><\/path><\/svg>\t\t\t\t\t\t<\/span>\n\t\t\t\t\t\t\t\t\t\t<span class=\"elementor-icon-list-text\">About Us<\/span>\n\t\t\t\t\t\t\t\t\t\t\t<\/a>\n\t\t\t\t\t\t\t\t\t<\/li>\n\t\t\t\t\t\t<\/ul>\n\t\t\t\t\t\t<\/div>\n\t\t\t\t<\/div>\n\t\t\t\t\t<\/div>\n\t\t\t\t<\/div>\n\t\t<div class=\"elementor-element elementor-element-81b3609 e-flex e-con-boxed e-con e-parent\" data-id=\"81b3609\" data-element_type=\"container\" data-settings=\"{&quot;_ha_eqh_enable&quot;:false}\">\n\t\t\t\t\t<div class=\"e-con-inner\">\n\t\t\t\t<div class=\"elementor-element elementor-element-b6525c7 elementor-widget__width-initial elementor-invisible elementor-widget elementor-widget-heading\" data-id=\"b6525c7\" data-element_type=\"widget\" data-settings=\"{&quot;_animation&quot;:&quot;fadeIn&quot;,&quot;_animation_delay&quot;:300}\" data-widget_type=\"heading.default\">\n\t\t\t\t\t<h2 class=\"elementor-heading-title elementor-size-default\">We are Enavolt. We bring innovation to energy.\n\n<\/h2>\t\t\t\t<\/div>\n\t\t\t\t\t<\/div>\n\t\t\t\t<\/div>\n\t\t<div class=\"elementor-element elementor-element-0c959e4 e-flex e-con-boxed e-con e-parent\" data-id=\"0c959e4\" data-element_type=\"container\" data-settings=\"{&quot;background_background&quot;:&quot;classic&quot;,&quot;_ha_eqh_enable&quot;:false}\">\n\t\t\t\t\t<div class=\"e-con-inner\">\n\t\t<div class=\"elementor-element elementor-element-6b5ec0b e-con-full e-flex e-con e-child\" data-id=\"6b5ec0b\" data-element_type=\"container\" data-settings=\"{&quot;_ha_eqh_enable&quot;:false}\">\n\t\t\t\t<div class=\"elementor-element elementor-element-0c5da5f elementor-widget elementor-widget-image\" data-id=\"0c5da5f\" data-element_type=\"widget\" data-widget_type=\"image.default\">\n\t\t\t\t\t\t\t\t\t\t\t\t\t\t\t<img fetchpriority=\"high\" decoding=\"async\" width=\"800\" height=\"570\" src=\"https:\/\/enavoltenergy.com\/wp-content\/uploads\/2025\/09\/fQ4Zcp15BTgJqGMTl5Z5bW55Gaw-1024x730.avif\" class=\"attachment-large size-large wp-image-833\" alt=\"\" srcset=\"https:\/\/enavoltenergy.com\/wp-content\/uploads\/2025\/09\/fQ4Zcp15BTgJqGMTl5Z5bW55Gaw-1024x730.avif 1024w, https:\/\/enavoltenergy.com\/wp-content\/uploads\/2025\/09\/fQ4Zcp15BTgJqGMTl5Z5bW55Gaw-300x214.avif 300w, https:\/\/enavoltenergy.com\/wp-content\/uploads\/2025\/09\/fQ4Zcp15BTgJqGMTl5Z5bW55Gaw-768x548.avif 768w, https:\/\/enavoltenergy.com\/wp-content\/uploads\/2025\/09\/fQ4Zcp15BTgJqGMTl5Z5bW55Gaw-1536x1095.avif 1536w, https:\/\/enavoltenergy.com\/wp-content\/uploads\/2025\/09\/fQ4Zcp15BTgJqGMTl5Z5bW55Gaw.avif 2048w\" sizes=\"(max-width: 800px) 100vw, 800px\" \/>\t\t\t\t\t\t\t\t\t\t\t\t\t\t\t<\/div>\n\t\t\t\t<\/div>\n\t\t<div class=\"elementor-element elementor-element-94997c2 e-con-full e-flex e-con e-child\" data-id=\"94997c2\" data-element_type=\"container\" data-settings=\"{&quot;_ha_eqh_enable&quot;:false}\">\n\t\t\t\t<div class=\"elementor-element elementor-element-160cdec elementor-widget__width-initial elementor-invisible elementor-widget elementor-widget-text-editor\" data-id=\"160cdec\" data-element_type=\"widget\" data-settings=\"{&quot;_animation&quot;:&quot;fadeIn&quot;,&quot;_animation_delay&quot;:400}\" data-widget_type=\"text-editor.default\">\n\t\t\t\t\t\t\t\t\t<p class=\"framer-text\">Enavolt Energy is an innovative technology company specialising in lithium-ion battery systems, battery management systems (BMS) and smart energy solutions, drawing its engineering infrastructure from the defence industry. Since its inception, it has adopted the principle of offering not just products, but unique solutions, each treated as a specialised \"project\".<\/p><p class=\"framer-text\">At our production facility based in Ankara, our battery systems, developed in accordance with high security standards, are specially designed and manufactured for industrial vehicles, renewable energy systems, military platforms and electric mobility applications.<\/p><p class=\"framer-text\">Safety, verifiability and traceability are our priorities at every stage of design and production. All functional tests, environmental durability tests and fault simulations are meticulously carried out in-house.<\/p>\t\t\t\t\t\t\t\t<\/div>\n\t\t\t\t<\/div>\n\t\t\t\t\t<\/div>\n\t\t\t\t<\/div>\n\t\t<div class=\"elementor-element elementor-element-87d4bc8 e-flex e-con-boxed e-con e-parent\" data-id=\"87d4bc8\" data-element_type=\"container\" data-settings=\"{&quot;background_background&quot;:&quot;classic&quot;,&quot;_ha_eqh_enable&quot;:false}\">\n\t\t\t\t\t<div class=\"e-con-inner\">\n\t\t<div class=\"elementor-element elementor-element-97bea80 e-con-full animated-fast e-flex elementor-invisible e-con e-child\" data-id=\"97bea80\" data-element_type=\"container\" data-settings=\"{&quot;animation&quot;:&quot;fadeIn&quot;,&quot;_ha_eqh_enable&quot;:false}\">\n\t\t<div class=\"elementor-element elementor-element-219f6a6 e-con-full e-flex e-con e-child\" data-id=\"219f6a6\" data-element_type=\"container\" data-settings=\"{&quot;_ha_eqh_enable&quot;:false}\">\n\t\t\t\t<div class=\"elementor-element elementor-element-71cbf80 elementor-widget__width-initial elementor-invisible elementor-widget elementor-widget-heading\" data-id=\"71cbf80\" data-element_type=\"widget\" data-settings=\"{&quot;_animation&quot;:&quot;fadeIn&quot;,&quot;_animation_delay&quot;:300}\" data-widget_type=\"heading.default\">\n\t\t\t\t\t<h2 class=\"elementor-heading-title elementor-size-default\">Our Trusted Business Partners<\/h2>\t\t\t\t<\/div>\n\t\t\t\t<div class=\"elementor-element elementor-element-0534a35 elementor-widget__width-initial elementor-invisible elementor-widget elementor-widget-text-editor translation-block\" data-id=\"0534a35\" data-element_type=\"widget\" data-settings=\"{&quot;_animation&quot;:&quot;fadeIn&quot;,&quot;_animation_delay&quot;:400}\" data-widget_type=\"text-editor.default\">We work alongside leading companies in the defence and renewable energy sectors.<\/div>\n\t\t\t\t<\/div>\n\t\t\t\t<\/div>\n\t\t<div class=\"elementor-element elementor-element-034e013 e-con-full e-flex e-con e-child\" data-id=\"034e013\" data-element_type=\"container\" data-settings=\"{&quot;_ha_eqh_enable&quot;:false}\">\n\t\t\t\t<div class=\"elementor-element elementor-element-876de73 elementor-widget elementor-widget-image\" data-id=\"876de73\" data-element_type=\"widget\" data-widget_type=\"image.default\">\n\t\t\t\t\t\t\t\t\t\t\t\t\t\t\t<img decoding=\"async\" width=\"2560\" height=\"561\" src=\"https:\/\/enavoltenergy.com\/wp-content\/uploads\/2025\/09\/mGUJlfyOtRq28iOlxB1BoRPCho-5-scaled.avif\" class=\"attachment-full size-full wp-image-739\" alt=\"\" srcset=\"https:\/\/enavoltenergy.com\/wp-content\/uploads\/2025\/09\/mGUJlfyOtRq28iOlxB1BoRPCho-5-scaled.avif 2560w, https:\/\/enavoltenergy.com\/wp-content\/uploads\/2025\/09\/mGUJlfyOtRq28iOlxB1BoRPCho-5-300x66.avif 300w, https:\/\/enavoltenergy.com\/wp-content\/uploads\/2025\/09\/mGUJlfyOtRq28iOlxB1BoRPCho-5-1024x224.avif 1024w, https:\/\/enavoltenergy.com\/wp-content\/uploads\/2025\/09\/mGUJlfyOtRq28iOlxB1BoRPCho-5-768x168.avif 768w, https:\/\/enavoltenergy.com\/wp-content\/uploads\/2025\/09\/mGUJlfyOtRq28iOlxB1BoRPCho-5-1536x336.avif 1536w, https:\/\/enavoltenergy.com\/wp-content\/uploads\/2025\/09\/mGUJlfyOtRq28iOlxB1BoRPCho-5-2048x448.avif 2048w\" sizes=\"(max-width: 2560px) 100vw, 2560px\" \/>\t\t\t\t\t\t\t\t\t\t\t\t\t\t\t<\/div>\n\t\t\t\t<div class=\"elementor-element elementor-element-b730523 elementor-widget__width-inherit elementor-invisible elementor-widget elementor-widget-text-editor\" data-id=\"b730523\" data-element_type=\"widget\" data-settings=\"{&quot;_animation&quot;:&quot;fadeIn&quot;,&quot;_animation_delay&quot;:400}\" data-widget_type=\"text-editor.default\">\n\t\t\t\t\t\t\t\t\tWe work alongside leading companies in the defence and renewable energy sectors.\n\n\t\t\t\t\t\t\t\t<\/div>\n\t\t\t\t<\/div>\n\t\t\t\t\t<\/div>\n\t\t\t\t<\/div>\n\t\t\t\t<\/div>","protected":false},"excerpt":{"rendered":"<p>Ana Sayfa Biz, Enavolt\u2019uz. Enerjiye Yenilik Kat\u0131yoruz. Enavolt Enerji; lityum-iyon batarya sistemleri, batarya y\u00f6netim sistemleri (BMS) ve ak\u0131ll\u0131 enerji \u00e7\u00f6z\u00fcmleri alan\u0131nda faaliyet g\u00f6steren, m\u00fchendislik altyap\u0131s\u0131n\u0131 savunma sanayisinden alan yenilik\u00e7i bir teknoloji \u015firketidir. Kurulu\u015fundan bu yana yaln\u0131zca \u00fcr\u00fcn de\u011fil, her biri \u00f6zel bir &#8220;proje&#8221; olarak ele al\u0131nan \u00f6zg\u00fcn \u00e7\u00f6z\u00fcmler sunmay\u0131 ilke edinmi\u015ftir. Ankara merkezli \u00fcretim tesisimizde, [&hellip;]<\/p>","protected":false},"author":1,"featured_media":0,"parent":0,"menu_order":0,"comment_status":"closed","ping_status":"closed","template":"","meta":{"footnotes":""},"class_list":["post-620","page","type-page","status-publish","hentry"],"_links":{"self":[{"href":"https:\/\/enavoltenergy.com\/en\/wp-json\/wp\/v2\/pages\/620","targetHints":{"allow":["GET"]}}],"collection":[{"href":"https:\/\/enavoltenergy.com\/en\/wp-json\/wp\/v2\/pages"}],"about":[{"href":"https:\/\/enavoltenergy.com\/en\/wp-json\/wp\/v2\/types\/page"}],"author":[{"embeddable":true,"href":"https:\/\/enavoltenergy.com\/en\/wp-json\/wp\/v2\/users\/1"}],"replies":[{"embeddable":true,"href":"https:\/\/enavoltenergy.com\/en\/wp-json\/wp\/v2\/comments?post=620"}],"version-history":[{"count":37,"href":"https:\/\/enavoltenergy.com\/en\/wp-json\/wp\/v2\/pages\/620\/revisions"}],"predecessor-version":[{"id":1151,"href":"https:\/\/enavoltenergy.com\/en\/wp-json\/wp\/v2\/pages\/620\/revisions\/1151"}],"wp:attachment":[{"href":"https:\/\/enavoltenergy.com\/en\/wp-json\/wp\/v2\/media?parent=620"}],"curies":[{"name":"wp","href":"https:\/\/api.w.org\/{rel}","templated":true}]}}