{"id":359,"date":"2025-09-08T00:01:04","date_gmt":"2025-09-08T00:01:04","guid":{"rendered":"https:\/\/enavoltenergy.com\/?page_id=359"},"modified":"2025-09-29T13:10:43","modified_gmt":"2025-09-29T13:10:43","slug":"vora-300-kwh-rack-type-energy-storage-system","status":"publish","type":"page","link":"https:\/\/enavoltenergy.com\/en\/our-products\/high-voltage-batteries\/vora-300-kwh-rack-type-energy-storage-system\/","title":{"rendered":"VORA 300 kWh Rack-Type Energy Storage System"},"content":{"rendered":"<div data-elementor-type=\"wp-page\" data-elementor-id=\"359\" class=\"elementor elementor-359\" data-elementor-settings=\"{&quot;ha_cmc_init_switcher&quot;:&quot;no&quot;}\" data-elementor-post-type=\"page\">\n\t\t\t\t<div data-ha-partstyle=\"nasa\" data-ha-partcolor=\"#08A89E\" data-ha-partopacity=\"\" data-ha-partdirection=\"bottom\" class=\"elementor-element elementor-element-2fd0733 ha-particle-yes e-flex e-con-boxed ha-particle-adv-no e-con e-parent\" data-id=\"2fd0733\" data-element_type=\"container\" data-settings=\"{&quot;background_background&quot;:&quot;classic&quot;,&quot;_ha_eqh_enable&quot;:false}\">\n\t\t\t\t\t<div class=\"e-con-inner\">\n\t\t\t\t<div class=\"elementor-element elementor-element-b42cee4 elementor-widget__width-inherit elementor-invisible elementor-widget elementor-widget-heading\" data-id=\"b42cee4\" data-element_type=\"widget\" data-settings=\"{&quot;_animation&quot;:&quot;fadeIn&quot;,&quot;_animation_delay&quot;:300}\" data-widget_type=\"heading.default\">\n\t\t\t\t\t<h1 class=\"elementor-heading-title elementor-size-default\">VORA 300 kWh Rack-Type Energy Storage System<\/h1>\t\t\t\t<\/div>\n\t\t<div class=\"elementor-element elementor-element-78b8fda e-con-full e-flex e-con e-child\" data-id=\"78b8fda\" data-element_type=\"container\" data-settings=\"{&quot;_ha_eqh_enable&quot;:false}\">\n\t\t\t\t<div class=\"elementor-element elementor-element-652fcfa elementor-icon-list--layout-inline elementor-align-center elementor-list-item-link-full_width elementor-widget elementor-widget-icon-list\" data-id=\"652fcfa\" data-element_type=\"widget\" data-widget_type=\"icon-list.default\">\n\t\t\t\t\t\t\t<ul class=\"elementor-icon-list-items elementor-inline-items\">\n\t\t\t\t\t\t\t<li class=\"elementor-icon-list-item elementor-inline-item\">\n\t\t\t\t\t\t\t\t\t\t\t<a href=\"https:\/\/enavoltenergy.com\/en\">\n\n\t\t\t\t\t\t\t\t\t\t\t<span class=\"elementor-icon-list-text\">Home<\/span>\n\t\t\t\t\t\t\t\t\t\t\t<\/a>\n\t\t\t\t\t\t\t\t\t<\/li>\n\t\t\t\t\t\t<\/ul>\n\t\t\t\t\t\t<\/div>\n\t\t\t\t<div class=\"elementor-element elementor-element-a74afd7 elementor-icon-list--layout-inline elementor-align-center elementor-list-item-link-full_width elementor-widget elementor-widget-icon-list\" data-id=\"a74afd7\" data-element_type=\"widget\" data-widget_type=\"icon-list.default\">\n\t\t\t\t\t\t\t<ul class=\"elementor-icon-list-items elementor-inline-items\">\n\t\t\t\t\t\t\t<li class=\"elementor-icon-list-item elementor-inline-item\">\n\t\t\t\t\t\t\t\t\t\t\t<a href=\"https:\/\/enavoltenergy.com\/en\/our-products\/\">\n\n\t\t\t\t\t\t\t\t\t\t\t\t<span class=\"elementor-icon-list-icon\">\n\t\t\t\t\t\t\t<svg aria-hidden=\"true\" class=\"e-font-icon-svg e-fas-chevron-right\" viewbox=\"0 0 320 512\" xmlns=\"http:\/\/www.w3.org\/2000\/svg\"><path d=\"M285.476 272.971L91.132 467.314c-9.373 9.373-24.569 9.373-33.941 0l-22.667-22.667c-9.357-9.357-9.375-24.522-.04-33.901L188.505 256 34.484 101.255c-9.335-9.379-9.317-24.544.04-33.901l22.667-22.667c9.373-9.373 24.569-9.373 33.941 0L285.475 239.03c9.373 9.372 9.373 24.568.001 33.941z\"><\/path><\/svg>\t\t\t\t\t\t<\/span>\n\t\t\t\t\t\t\t\t\t\t<span class=\"elementor-icon-list-text\">Our Products<\/span>\n\t\t\t\t\t\t\t\t\t\t\t<\/a>\n\t\t\t\t\t\t\t\t\t<\/li>\n\t\t\t\t\t\t<\/ul>\n\t\t\t\t\t\t<\/div>\n\t\t\t\t<div class=\"elementor-element elementor-element-568f9d2 elementor-icon-list--layout-inline elementor-align-center elementor-list-item-link-full_width elementor-widget elementor-widget-icon-list\" data-id=\"568f9d2\" data-element_type=\"widget\" data-widget_type=\"icon-list.default\">\n\t\t\t\t\t\t\t<ul class=\"elementor-icon-list-items elementor-inline-items\">\n\t\t\t\t\t\t\t<li class=\"elementor-icon-list-item elementor-inline-item\">\n\t\t\t\t\t\t\t\t\t\t\t<a href=\"https:\/\/enavoltenergy.com\/en\/our-products\/high-voltage-batteries\/\">\n\n\t\t\t\t\t\t\t\t\t\t\t\t<span class=\"elementor-icon-list-icon\">\n\t\t\t\t\t\t\t<svg aria-hidden=\"true\" class=\"e-font-icon-svg e-fas-chevron-right\" viewbox=\"0 0 320 512\" xmlns=\"http:\/\/www.w3.org\/2000\/svg\"><path d=\"M285.476 272.971L91.132 467.314c-9.373 9.373-24.569 9.373-33.941 0l-22.667-22.667c-9.357-9.357-9.375-24.522-.04-33.901L188.505 256 34.484 101.255c-9.335-9.379-9.317-24.544.04-33.901l22.667-22.667c9.373-9.373 24.569-9.373 33.941 0L285.475 239.03c9.373 9.372 9.373 24.568.001 33.941z\"><\/path><\/svg>\t\t\t\t\t\t<\/span>\n\t\t\t\t\t\t\t\t\t\t<span class=\"elementor-icon-list-text\">High Voltage Batteries<\/span>\n\t\t\t\t\t\t\t\t\t\t\t<\/a>\n\t\t\t\t\t\t\t\t\t<\/li>\n\t\t\t\t\t\t<\/ul>\n\t\t\t\t\t\t<\/div>\n\t\t\t\t<div class=\"elementor-element elementor-element-bba78e9 elementor-icon-list--layout-inline elementor-align-center elementor-list-item-link-full_width elementor-widget elementor-widget-icon-list\" data-id=\"bba78e9\" data-element_type=\"widget\" data-widget_type=\"icon-list.default\">\n\t\t\t\t\t\t\t<ul class=\"elementor-icon-list-items elementor-inline-items\">\n\t\t\t\t\t\t\t<li class=\"elementor-icon-list-item elementor-inline-item\">\n\t\t\t\t\t\t\t\t\t\t\t<a href=\"https:\/\/enavoltenergy.com\/en\/our-products\/high-voltage-batteries\/vora-300-kwh-rack-type-energy-storage-system\/\">\n\n\t\t\t\t\t\t\t\t\t\t\t\t<span class=\"elementor-icon-list-icon\">\n\t\t\t\t\t\t\t<svg aria-hidden=\"true\" class=\"e-font-icon-svg e-fas-chevron-right\" viewbox=\"0 0 320 512\" xmlns=\"http:\/\/www.w3.org\/2000\/svg\"><path d=\"M285.476 272.971L91.132 467.314c-9.373 9.373-24.569 9.373-33.941 0l-22.667-22.667c-9.357-9.357-9.375-24.522-.04-33.901L188.505 256 34.484 101.255c-9.335-9.379-9.317-24.544.04-33.901l22.667-22.667c9.373-9.373 24.569-9.373 33.941 0L285.475 239.03c9.373 9.372 9.373 24.568.001 33.941z\"><\/path><\/svg>\t\t\t\t\t\t<\/span>\n\t\t\t\t\t\t\t\t\t\t<span class=\"elementor-icon-list-text\">VORA 300 kWh Rack-Type Energy Storage System<\/span>\n\t\t\t\t\t\t\t\t\t\t\t<\/a>\n\t\t\t\t\t\t\t\t\t<\/li>\n\t\t\t\t\t\t<\/ul>\n\t\t\t\t\t\t<\/div>\n\t\t\t\t<\/div>\n\t\t\t\t\t<\/div>\n\t\t\t\t<\/div>\n\t\t<div class=\"elementor-element elementor-element-c46179c e-flex e-con-boxed e-con e-parent\" data-id=\"c46179c\" data-element_type=\"container\" data-settings=\"{&quot;background_background&quot;:&quot;classic&quot;,&quot;_ha_eqh_enable&quot;:false}\">\n\t\t\t\t\t<div class=\"e-con-inner\">\n\t\t<div class=\"elementor-element elementor-element-dacc7e9 e-con-full e-flex e-con e-child\" data-id=\"dacc7e9\" data-element_type=\"container\" data-settings=\"{&quot;_ha_eqh_enable&quot;:false}\">\n\t\t<div class=\"elementor-element elementor-element-8e56332 e-con-full e-flex e-con e-child\" data-id=\"8e56332\" data-element_type=\"container\" data-settings=\"{&quot;_ha_eqh_enable&quot;:false}\">\n\t\t\t\t<div class=\"elementor-element elementor-element-671bcc6 elementor-widget elementor-widget-image\" data-id=\"671bcc6\" data-element_type=\"widget\" data-widget_type=\"image.default\">\n\t\t\t\t\t\t\t\t\t\t\t\t\t\t\t<img fetchpriority=\"high\" decoding=\"async\" width=\"800\" height=\"630\" src=\"https:\/\/enavoltenergy.com\/wp-content\/uploads\/2025\/09\/43hoPwksyts0RqWRlgq5BW3vS9E.webp\" class=\"attachment-large size-large wp-image-366\" alt=\"\" srcset=\"https:\/\/enavoltenergy.com\/wp-content\/uploads\/2025\/09\/43hoPwksyts0RqWRlgq5BW3vS9E.webp 1024w, https:\/\/enavoltenergy.com\/wp-content\/uploads\/2025\/09\/43hoPwksyts0RqWRlgq5BW3vS9E-300x236.webp 300w, https:\/\/enavoltenergy.com\/wp-content\/uploads\/2025\/09\/43hoPwksyts0RqWRlgq5BW3vS9E-768x605.webp 768w\" sizes=\"(max-width: 800px) 100vw, 800px\" \/>\t\t\t\t\t\t\t\t\t\t\t\t\t\t\t<\/div>\n\t\t<div class=\"elementor-element elementor-element-bc179ca e-con-full e-flex e-con e-child\" data-id=\"bc179ca\" data-element_type=\"container\" data-settings=\"{&quot;_ha_eqh_enable&quot;:false}\">\n\t\t\t\t<div class=\"elementor-element elementor-element-43e2ab3 elementor-widget elementor-widget-heading\" data-id=\"43e2ab3\" data-element_type=\"widget\" data-widget_type=\"heading.default\">\n\t\t\t\t\t<h4 class=\"elementor-heading-title elementor-size-default\">VORA 300 kWh Rack-Type Energy Storage System<\/h4>\t\t\t\t<\/div>\n\t\t\t\t<div class=\"elementor-element elementor-element-d1d9c05 elementor-widget elementor-widget-text-editor\" data-id=\"d1d9c05\" data-element_type=\"widget\" data-widget_type=\"text-editor.default\">\n\t\t\t\t\t\t\t\t\t<div data-framer-name=\"750VDC 100Ah enerji depolama sistemi, y\u00fcksek gerilimli projelerde uzun \u00f6m\u00fcrl\u00fc, kararl\u0131 ve g\u00fcvenli g\u00fc\u00e7 \u00e7\u00f6z\u00fcm\u00fc sunmak \u00fczere tasarlanm\u0131\u015ft\u0131r. Yakla\u015f\u0131k 75 kWh enerji kapasitesiyle, inverter sistemleri, \u015febeke destekli \u00e7\u00f6z\u00fcmler ve SCADA tabanl\u0131 altyap\u0131larla tam uyum sa\u011flar. Geli\u015fmi\u015f BMS altyap\u0131s\u0131, CANbus haberle\u015fme ile t\u00fcm h\u00fccreleri s\u00fcrekli izler ve SCADA\/inverter sistemlerine ger\u00e7ek zamanl\u0131 veri aktar\u0131m\u0131 yapar. A\u015f\u0131r\u0131 gerilim, k\u0131sa devre ve termal denge korumas\u0131 sayesinde maksimum g\u00fcvenlik sa\u011flar. So\u011futmaya uygun tasar\u0131m\u0131, uzaktan izleme deste\u011fi, yaz\u0131l\u0131m g\u00fcncelleme opsiyonu ve AC\/DC uyumlu altyap\u0131s\u0131yla sistem entegrasyonlar\u0131n\u0131 kolayla\u015ft\u0131r\u0131r. \u0130ste\u011fe ba\u011fl\u0131 test portlar\u0131 ve yedek kontrol devresiyle bak\u0131m s\u00fcre\u00e7lerinde esneklik sunar.\" data-framer-component-type=\"RichTextContainer\">\n  \n  <p class=\"translation-block\"><strong>Enavolt VORA-P:<\/strong> A high-efficiency LiFePO\u2084 (LFP) energy storage system designed for commercial and industrial applications with high energy requirements, offering a nominal voltage of 537.6 VDC and a capacity of 560 Ah. It achieves a total capacity of 301.056 kWh with a 28-module configuration. Its 47U rack cabinet design ensures compact installation, easy setup, and industrial-standard durability.<\/p>\n  \n  <p class=\"translation-block\"><strong>Advanced BMS protection functions:<\/strong> Provides high-level security against risks such as overcurrent, overvoltage, overheating, and short circuits. Fully compatible with inverters, charging stations, and UPS systems via CANBus and RS485 communication protocols. IP40 protection class and modular design ensure long-lasting and stable operation.<\/p>\n  \n  <p><strong>Key Benefits:<\/strong><br>\n  <strong>Ultra High Capacity:<\/strong> Storage capacity exceeding 300 kWh<br>\n  <strong>Security:<\/strong> LFP cell technology and comprehensive BMS protection<br>\n  <strong>Durability:<\/strong> 80% DoD with 4,000+ charge cycles<br>\n  <strong>Flexibility:<\/strong> Passive cooling, optional fan, chiller and heater pad integration<br>\n  <strong>Compatibility:<\/strong> Full integration with inverters, charging stations and UPS systems<\/p>\n\n  <p class=\"translation-block\"><strong>Applications:<\/strong><br>\n  Solar power plants, industrial UPS systems, electric vehicle charging infrastructure, off-grid systems and large-scale backup solutions.<\/p>\n\n  <p class=\"translation-block\"><strong>VORA-P:<\/strong> Delivers maximum efficiency, safety and industrial robustness in high-capacity energy storage projects.<\/p>\n\n<\/div>\n\n<div data-framer-name=\"Detayl\u0131 Teknik Bilgiler \u0130\u00e7in;\u2028\u00dcr\u00fcn\u00fcn elektriksel karakteristikleri, mekanik boyutlar\u0131, haberle\u015fme protokolleri ve t\u00fcm teknik spesifikasyonlar\u0131n\u0131 i\u00e7eren detayl\u0131 teknik dok\u00fcman\u0131 a\u015fa\u011f\u0131daki ba\u011flant\u0131dan inceleyebilirsiniz.\" data-framer-component-type=\"RichTextContainer\">\n  \n  <p class=\"translation-block\"><strong>For Detailed Technical Information:<\/strong><br>\n  You can review the detailed technical document containing the product's electrical characteristics, mechanical dimensions, communication protocols, and all technical specifications via the link below.<\/p>\n\n<\/div>\t\t\t\t\t\t\t\t<\/div>\n\t\t\t\t<div class=\"elementor-element elementor-element-31b7f2a elementor-widget__width-inherit elementor-align-justify elementor-widget elementor-widget-button\" data-id=\"31b7f2a\" data-element_type=\"widget\" data-widget_type=\"button.default\">\n\t\t\t\t\t\t\t\t\t\t<a class=\"elementor-button elementor-button-link elementor-size-sm\" href=\"https:\/\/enavoltenergy.com\/wp-content\/uploads\/2025\/09\/62mpkTcYO3MwdLxWmQVIMPOOm4g.pdf\" target=\"_blank\" rel=\"nofollow\" download=\"dok\u00fcman.pdf\">\n\t\t\t\t\t\t<span class=\"elementor-button-content-wrapper\">\n\t\t\t\t\t\t\t\t\t<span class=\"elementor-button-text\">Download Technical Document (PDF)<\/span>\n\t\t\t\t\t<\/span>\n\t\t\t\t\t<\/a>\n\t\t\t\t\t\t\t\t<\/div>\n\t\t\t\t<\/div>\n\t\t\t\t<\/div>\n\t\t<div class=\"elementor-element elementor-element-05ac152 e-con-full e-flex e-con e-child\" data-id=\"05ac152\" data-element_type=\"container\" data-settings=\"{&quot;_ha_eqh_enable&quot;:false}\">\n\t\t<div class=\"elementor-element elementor-element-80c313e e-con-full elementor-hidden-tablet elementor-hidden-mobile e-flex e-con e-child\" data-id=\"80c313e\" data-element_type=\"container\" data-settings=\"{&quot;sticky&quot;:&quot;top&quot;,&quot;sticky_on&quot;:[&quot;desktop&quot;],&quot;sticky_offset&quot;:100,&quot;sticky_parent&quot;:&quot;yes&quot;,&quot;_ha_eqh_enable&quot;:false,&quot;sticky_effects_offset&quot;:0,&quot;sticky_anchor_link_offset&quot;:0}\">\n\t\t\t\t<div class=\"elementor-element elementor-element-5783a75 elementor-widget__width-inherit elementor-align-justify elementor-widget elementor-widget-button\" data-id=\"5783a75\" data-element_type=\"widget\" data-widget_type=\"button.default\">\n\t\t\t\t\t\t\t\t\t\t<a class=\"elementor-button elementor-button-link elementor-size-sm\" href=\"https:\/\/enavoltenergy.com\/en\/our-products\/high-voltage-batteries\/vora-19-2-kwh-65-28-kwh-scalable-rack-type-energy-storage-system\/\">\n\t\t\t\t\t\t<span class=\"elementor-button-content-wrapper\">\n\t\t\t\t\t\t\t\t\t<span class=\"elementor-button-text\">VORA 19.2 kWh-65.28 kWh <\/span>\n\t\t\t\t\t<\/span>\n\t\t\t\t\t<\/a>\n\t\t\t\t\t\t\t\t<\/div>\n\t\t\t\t<div class=\"elementor-element elementor-element-7fa5d95 elementor-widget__width-inherit elementor-align-justify elementor-widget elementor-widget-button\" data-id=\"7fa5d95\" data-element_type=\"widget\" data-widget_type=\"button.default\">\n\t\t\t\t\t\t\t\t\t\t<a class=\"elementor-button elementor-button-link elementor-size-sm\" href=\"https:\/\/enavoltenergy.com\/en\/our-products\/high-voltage-batteries\/vora-150-kwh-rack-type-energy-storage-system\/\">\n\t\t\t\t\t\t<span class=\"elementor-button-content-wrapper\">\n\t\t\t\t\t\t\t\t\t<span class=\"elementor-button-text\">VORA 150 kWh Rack Types<\/span>\n\t\t\t\t\t<\/span>\n\t\t\t\t\t<\/a>\n\t\t\t\t\t\t\t\t<\/div>\n\t\t\t\t<div class=\"elementor-element elementor-element-7e6746a elementor-widget__width-inherit elementor-align-justify elementor-widget elementor-widget-button\" data-id=\"7e6746a\" data-element_type=\"widget\" data-widget_type=\"button.default\">\n\t\t\t\t\t\t\t\t\t\t<a class=\"elementor-button elementor-button-link elementor-size-sm\" href=\"https:\/\/enavoltenergy.com\/en\/our-products\/high-voltage-batteries\/vora-19-2-kwh-65-28-kwh-scalable-rack-type-energy-storage-system\/\">\n\t\t\t\t\t\t<span class=\"elementor-button-content-wrapper\">\n\t\t\t\t\t\t\t\t\t<span class=\"elementor-button-text\">VORA 19.2 kWh-65.28 kWh Rack Types<\/span>\n\t\t\t\t\t<\/span>\n\t\t\t\t\t<\/a>\n\t\t\t\t\t\t\t\t<\/div>\n\t\t\t\t<div class=\"elementor-element elementor-element-e0b61dc elementor-widget__width-inherit elementor-align-justify elementor-widget elementor-widget-button\" data-id=\"e0b61dc\" data-element_type=\"widget\" data-widget_type=\"button.default\">\n\t\t\t\t\t\t\t\t\t\t<a class=\"elementor-button elementor-button-link elementor-size-sm\" href=\"https:\/\/enavoltenergy.com\/en\/our-products\/high-voltage-batteries\/vora-300-kwh-rack-type-energy-storage-system\/\">\n\t\t\t\t\t\t<span class=\"elementor-button-content-wrapper\">\n\t\t\t\t\t\t\t\t\t<span class=\"elementor-button-text\">VORA 300 kWh Rack Types<\/span>\n\t\t\t\t\t<\/span>\n\t\t\t\t\t<\/a>\n\t\t\t\t\t\t\t\t<\/div>\n\t\t\t\t<div class=\"elementor-element elementor-element-b67df65 elementor-widget__width-inherit elementor-align-justify elementor-widget elementor-widget-button\" data-id=\"b67df65\" data-element_type=\"widget\" data-widget_type=\"button.default\">\n\t\t\t\t\t\t\t\t\t\t<a class=\"elementor-button elementor-button-link elementor-size-sm\" href=\"https:\/\/enavoltenergy.com\/en\/our-products\/high-voltage-batteries\/vora-38-4-kwh-13056-kwh-scalable-rack-type-energy-storage-system\/\">\n\t\t\t\t\t\t<span class=\"elementor-button-content-wrapper\">\n\t\t\t\t\t\t\t\t\t<span class=\"elementor-button-text\">VORA 38.4 kWh-130.56 kWh Rack Types<\/span>\n\t\t\t\t\t<\/span>\n\t\t\t\t\t<\/a>\n\t\t\t\t\t\t\t\t<\/div>\n\t\t\t\t<\/div>\n\t\t\t\t<\/div>\n\t\t\t\t<\/div>\n\t\t\t\t\t<\/div>\n\t\t\t\t<\/div>\n\t\t\t\t<\/div>","protected":false},"excerpt":{"rendered":"<p>Ana Sayfa \u00dcr\u00fcnlerimiz Y\u00fcksek Gerilim Bataryalar\u0131 Enavolt VORA-P: Y\u00fcksek enerji ihtiyac\u0131na sahip ticari ve end\u00fcstriyel uygulamalar i\u00e7in tasarlanm\u0131\u015f, 537,6 VDC nominal gerilim ve 560 Ah kapasite sunan, y\u00fcksek verimli bir LiFePO\u2084 (LFP) enerji depolama sistemidir. 28 mod\u00fcll\u00fck yap\u0131 ile toplam 301,056 kWh kapasiteye ula\u015f\u0131r. 47U rack kabinet tasar\u0131m\u0131 sayesinde kompakt yerle\u015fim, kolay kurulum ve end\u00fcstriyel [&hellip;]<\/p>","protected":false},"author":1,"featured_media":0,"parent":280,"menu_order":0,"comment_status":"closed","ping_status":"closed","template":"","meta":{"footnotes":""},"class_list":["post-359","page","type-page","status-publish","hentry"],"_links":{"self":[{"href":"https:\/\/enavoltenergy.com\/en\/wp-json\/wp\/v2\/pages\/359","targetHints":{"allow":["GET"]}}],"collection":[{"href":"https:\/\/enavoltenergy.com\/en\/wp-json\/wp\/v2\/pages"}],"about":[{"href":"https:\/\/enavoltenergy.com\/en\/wp-json\/wp\/v2\/types\/page"}],"author":[{"embeddable":true,"href":"https:\/\/enavoltenergy.com\/en\/wp-json\/wp\/v2\/users\/1"}],"replies":[{"embeddable":true,"href":"https:\/\/enavoltenergy.com\/en\/wp-json\/wp\/v2\/comments?post=359"}],"version-history":[{"count":19,"href":"https:\/\/enavoltenergy.com\/en\/wp-json\/wp\/v2\/pages\/359\/revisions"}],"predecessor-version":[{"id":1724,"href":"https:\/\/enavoltenergy.com\/en\/wp-json\/wp\/v2\/pages\/359\/revisions\/1724"}],"up":[{"embeddable":true,"href":"https:\/\/enavoltenergy.com\/en\/wp-json\/wp\/v2\/pages\/280"}],"wp:attachment":[{"href":"https:\/\/enavoltenergy.com\/en\/wp-json\/wp\/v2\/media?parent=359"}],"curies":[{"name":"wp","href":"https:\/\/api.w.org\/{rel}","templated":true}]}}