{"id":291,"date":"2025-09-07T23:29:47","date_gmt":"2025-09-07T23:29:47","guid":{"rendered":"https:\/\/enavoltenergy.com\/?page_id=291"},"modified":"2025-11-03T20:09:06","modified_gmt":"2025-11-03T20:09:06","slug":"residential-energy-storage-system","status":"publish","type":"page","link":"https:\/\/enavoltenergy.com\/en\/our-products\/residential-energy-storage-system\/","title":{"rendered":"Residential Energy Storage System"},"content":{"rendered":"<div data-elementor-type=\"wp-page\" data-elementor-id=\"291\" class=\"elementor elementor-291\" data-elementor-settings=\"{&quot;ha_cmc_init_switcher&quot;:&quot;no&quot;}\" data-elementor-post-type=\"page\">\n\t\t\t\t<div data-ha-partstyle=\"nasa\" data-ha-partcolor=\"#08A89E\" data-ha-partopacity=\"\" data-ha-partdirection=\"bottom\" class=\"elementor-element elementor-element-10f44a79 ha-particle-yes e-flex e-con-boxed ha-particle-adv-no e-con e-parent\" data-id=\"10f44a79\" data-element_type=\"container\" data-settings=\"{&quot;background_background&quot;:&quot;classic&quot;,&quot;_ha_eqh_enable&quot;:false}\">\n\t\t\t\t\t<div class=\"e-con-inner\">\n\t\t<div class=\"elementor-element elementor-element-6320f051 e-con-full e-flex e-con e-child\" data-id=\"6320f051\" data-element_type=\"container\" data-settings=\"{&quot;_ha_eqh_enable&quot;:false}\">\n\t\t\t\t<div class=\"elementor-element elementor-element-243dc91f elementor-icon-list--layout-inline elementor-align-center elementor-list-item-link-full_width elementor-widget elementor-widget-icon-list\" data-id=\"243dc91f\" data-element_type=\"widget\" data-widget_type=\"icon-list.default\">\n\t\t\t\t\t\t\t<ul class=\"elementor-icon-list-items elementor-inline-items\">\n\t\t\t\t\t\t\t<li class=\"elementor-icon-list-item elementor-inline-item\">\n\t\t\t\t\t\t\t\t\t\t\t<a href=\"https:\/\/enavoltenergy.com\/en\">\n\n\t\t\t\t\t\t\t\t\t\t\t<span class=\"elementor-icon-list-text\">Home<\/span>\n\t\t\t\t\t\t\t\t\t\t\t<\/a>\n\t\t\t\t\t\t\t\t\t<\/li>\n\t\t\t\t\t\t<\/ul>\n\t\t\t\t\t\t<\/div>\n\t\t\t\t<div class=\"elementor-element elementor-element-d3819a1 elementor-icon-list--layout-inline elementor-align-center elementor-list-item-link-full_width elementor-widget elementor-widget-icon-list\" data-id=\"d3819a1\" data-element_type=\"widget\" data-widget_type=\"icon-list.default\">\n\t\t\t\t\t\t\t<ul class=\"elementor-icon-list-items elementor-inline-items\">\n\t\t\t\t\t\t\t<li class=\"elementor-icon-list-item elementor-inline-item\">\n\t\t\t\t\t\t\t\t\t\t\t<a href=\"https:\/\/enavoltenergy.com\/en\/our-products\/residential-energy-storage-system\/\">\n\n\t\t\t\t\t\t\t\t\t\t\t\t<span class=\"elementor-icon-list-icon\">\n\t\t\t\t\t\t\t<svg aria-hidden=\"true\" class=\"e-font-icon-svg e-fas-chevron-right\" viewbox=\"0 0 320 512\" xmlns=\"http:\/\/www.w3.org\/2000\/svg\"><path d=\"M285.476 272.971L91.132 467.314c-9.373 9.373-24.569 9.373-33.941 0l-22.667-22.667c-9.357-9.357-9.375-24.522-.04-33.901L188.505 256 34.484 101.255c-9.335-9.379-9.317-24.544.04-33.901l22.667-22.667c9.373-9.373 24.569-9.373 33.941 0L285.475 239.03c9.373 9.372 9.373 24.568.001 33.941z\"><\/path><\/svg>\t\t\t\t\t\t<\/span>\n\t\t\t\t\t\t\t\t\t\t<span class=\"elementor-icon-list-text\">Residential Energy Storage System<\/span>\n\t\t\t\t\t\t\t\t\t\t\t<\/a>\n\t\t\t\t\t\t\t\t\t<\/li>\n\t\t\t\t\t\t<\/ul>\n\t\t\t\t\t\t<\/div>\n\t\t\t\t<\/div>\n\t\t<div class=\"elementor-element elementor-element-758c770d e-con-full e-flex e-con e-child\" data-id=\"758c770d\" data-element_type=\"container\" data-settings=\"{&quot;_ha_eqh_enable&quot;:false}\">\n\t\t\t\t<div class=\"elementor-element elementor-element-4be105c7 elementor-widget__width-auto elementor-invisible elementor-widget elementor-widget-heading\" data-id=\"4be105c7\" data-element_type=\"widget\" data-settings=\"{&quot;_animation&quot;:&quot;fadeIn&quot;,&quot;_animation_delay&quot;:300}\" data-widget_type=\"heading.default\">\n\t\t\t\t\t<h1 class=\"elementor-heading-title elementor-size-default\">Residential Energy Storage System<\/h1>\t\t\t\t<\/div>\n\t\t\t\t<\/div>\n\t\t\t\t\t<\/div>\n\t\t\t\t<\/div>\n\t\t<div class=\"elementor-element elementor-element-794346b3 e-flex e-con-boxed e-con e-parent\" data-id=\"794346b3\" data-element_type=\"container\" data-settings=\"{&quot;_ha_eqh_enable&quot;:false}\">\n\t\t\t\t\t<div class=\"e-con-inner\">\n\t\t\t\t<div class=\"elementor-element elementor-element-7577476 elementor-widget__width-auto elementor-widget elementor-widget-ha-creative-button happy-addon ha-creative-button\" data-id=\"7577476\" data-element_type=\"widget\" data-widget_type=\"ha-creative-button.default\">\n\t\t\t\t\t\t\t<div data-magnetic=\"no\" class=\"ha-creative-btn-wrap\">\n\t\t\t<a class=\"ha-creative-btn ha-stl--hermosa ha-eft--bloom\" href=\"https:\/\/enavoltenergy.com\/en\/urunlerimiz-2\/\" rel=\"nofollow\"><div><\/div><span>All<\/span><\/a>\n\t\t<\/div>\t\t\t\t<\/div>\n\t\t\t\t<div class=\"elementor-element elementor-element-1b5db893 elementor-widget__width-auto elementor-widget elementor-widget-ha-creative-button happy-addon ha-creative-button\" data-id=\"1b5db893\" data-element_type=\"widget\" data-widget_type=\"ha-creative-button.default\">\n\t\t\t\t\t\t\t<div data-magnetic=\"no\" class=\"ha-creative-btn-wrap\">\n\t\t\t<a class=\"ha-creative-btn ha-stl--hermosa ha-eft--bloom\" href=\"https:\/\/enavoltenergy.com\/en\/our-products\/high-voltage-batteries\/\" rel=\"nofollow\"><div><\/div><span>High Voltage Batteries<\/span><\/a>\n\t\t<\/div>\t\t\t\t<\/div>\n\t\t\t\t<div class=\"elementor-element elementor-element-61e0d22d elementor-widget__width-auto elementor-widget elementor-widget-ha-creative-button happy-addon ha-creative-button\" data-id=\"61e0d22d\" data-element_type=\"widget\" data-widget_type=\"ha-creative-button.default\">\n\t\t\t\t\t\t\t<div data-magnetic=\"no\" class=\"ha-creative-btn-wrap\">\n\t\t\t<a class=\"ha-creative-btn ha-stl--hermosa ha-eft--bloom\" href=\"https:\/\/enavoltenergy.com\/en\/our-products\/residential-energy-storage-system\/\" rel=\"nofollow\"><div><\/div><span>Residential Energy Storage System<\/span><\/a>\n\t\t<\/div>\t\t\t\t<\/div>\n\t\t\t\t<div class=\"elementor-element elementor-element-7d6cf005 elementor-widget__width-auto elementor-widget elementor-widget-ha-creative-button happy-addon ha-creative-button\" data-id=\"7d6cf005\" data-element_type=\"widget\" data-widget_type=\"ha-creative-button.default\">\n\t\t\t\t\t\t\t<div data-magnetic=\"no\" class=\"ha-creative-btn-wrap\">\n\t\t\t<a class=\"ha-creative-btn ha-stl--hermosa ha-eft--bloom\" href=\"https:\/\/enavoltenergy.com\/en\/our-products\/military-battery-systems\/\" rel=\"nofollow\"><div><\/div><span>Military Batteries \/   Custom Design and Manufacturing Solutions<\/span><\/a>\n\t\t<\/div>\t\t\t\t<\/div>\n\t\t\t\t\t<\/div>\n\t\t\t\t<\/div>\n\t\t<div class=\"elementor-element elementor-element-1e299d53 e-flex e-con-boxed e-con e-parent\" data-id=\"1e299d53\" data-element_type=\"container\" data-settings=\"{&quot;_ha_eqh_enable&quot;:false}\">\n\t\t\t\t\t<div class=\"e-con-inner\">\n\t\t\t\t<div class=\"elementor-element elementor-element-6a62424a elementor-widget__width-auto elementor-widget elementor-widget-ha-creative-button happy-addon ha-creative-button\" data-id=\"6a62424a\" data-element_type=\"widget\" data-widget_type=\"ha-creative-button.default\">\n\t\t\t\t\t\t\t<div data-magnetic=\"no\" class=\"ha-creative-btn-wrap\">\n\t\t\t<a class=\"ha-creative-btn ha-stl--hermosa ha-eft--bloom\" href=\"https:\/\/enavoltenergy.com\/en\/our-products\/marine-solar-batteries\/\" rel=\"nofollow\"><div><\/div><span>Marine \/ Solar Batteries<\/span><\/a>\n\t\t<\/div>\t\t\t\t<\/div>\n\t\t\t\t<div class=\"elementor-element elementor-element-55688067 elementor-widget__width-auto elementor-widget elementor-widget-ha-creative-button happy-addon ha-creative-button\" data-id=\"55688067\" data-element_type=\"widget\" data-widget_type=\"ha-creative-button.default\">\n\t\t\t\t\t\t\t<div data-magnetic=\"no\" class=\"ha-creative-btn-wrap\">\n\t\t\t<a class=\"ha-creative-btn ha-stl--hermosa ha-eft--bloom\" href=\"https:\/\/enavoltenergy.com\/en\/our-products\/industrial-vehicle-batteries\/\" rel=\"nofollow\"><div><\/div><span>Industrial Vehicle Batteries<\/span><\/a>\n\t\t<\/div>\t\t\t\t<\/div>\n\t\t\t\t\t<\/div>\n\t\t\t\t<\/div>\n\t\t<div class=\"elementor-element elementor-element-4c60d235 e-flex e-con-boxed e-con e-parent\" data-id=\"4c60d235\" data-element_type=\"container\" data-settings=\"{&quot;_ha_eqh_enable&quot;:false}\">\n\t\t\t\t\t<div class=\"e-con-inner\">\n\t\t<div class=\"elementor-element elementor-element-4853b2e3 e-con-full e-flex e-con e-child\" data-id=\"4853b2e3\" data-element_type=\"container\" data-settings=\"{&quot;_ha_eqh_enable&quot;:false}\">\n\t\t\t\t<div class=\"elementor-element elementor-element-4a7fb481 ha-has-bg-overlay elementor-widget elementor-widget-image\" data-id=\"4a7fb481\" data-element_type=\"widget\" data-widget_type=\"image.default\">\n\t\t\t\t\t\t\t\t\t\t\t\t\t\t\t<img fetchpriority=\"high\" decoding=\"async\" width=\"800\" height=\"641\" src=\"https:\/\/enavoltenergy.com\/wp-content\/uploads\/2025\/09\/btmKq0lDuXAh0YXwYKUW4WMflGM.avif\" class=\"attachment-large size-large wp-image-406\" alt=\"\" srcset=\"https:\/\/enavoltenergy.com\/wp-content\/uploads\/2025\/09\/btmKq0lDuXAh0YXwYKUW4WMflGM.avif 1024w, https:\/\/enavoltenergy.com\/wp-content\/uploads\/2025\/09\/btmKq0lDuXAh0YXwYKUW4WMflGM-300x240.avif 300w, https:\/\/enavoltenergy.com\/wp-content\/uploads\/2025\/09\/btmKq0lDuXAh0YXwYKUW4WMflGM-768x615.avif 768w\" sizes=\"(max-width: 800px) 100vw, 800px\" \/>\t\t\t\t\t\t\t\t\t\t\t\t\t\t\t<\/div>\n\t\t\t\t<div class=\"elementor-element elementor-element-5416bdc0 elementor-widget elementor-widget-ha-creative-button happy-addon ha-creative-button\" data-id=\"5416bdc0\" data-element_type=\"widget\" data-widget_type=\"ha-creative-button.default\">\n\t\t\t\t\t\t\t<div data-magnetic=\"no\" class=\"ha-creative-btn-wrap\">\n\t\t\t<a class=\"ha-creative-btn ha-stl--hermosa ha-eft--downhill\" href=\"https:\/\/enavoltenergy.com\/en\/our-products\/residential-energy-storage-system\/10-kwh-ev-charging-station-energy-storage-system\/\" rel=\"nofollow\"><span><span>HOME TYPE<\/span><\/span><\/a>\n\t\t<\/div>\t\t\t\t<\/div>\n\t\t\t\t<div class=\"elementor-element elementor-element-3b6c0e68 elementor-widget__width-inherit elementor-invisible elementor-widget elementor-widget-heading\" data-id=\"3b6c0e68\" data-element_type=\"widget\" data-settings=\"{&quot;_animation&quot;:&quot;fadeIn&quot;,&quot;_animation_delay&quot;:300}\" data-widget_type=\"heading.default\">\n\t\t\t\t\t<h2 class=\"elementor-heading-title elementor-size-default\">10kWh EV-TYPE ENERGY STORAGE SYSTEM<\/h2>\t\t\t\t<\/div>\n\t\t\t\t<div class=\"elementor-element elementor-element-69e348f0 elementor-widget__width-inherit elementor-invisible elementor-widget elementor-widget-text-editor\" data-id=\"69e348f0\" data-element_type=\"widget\" data-settings=\"{&quot;_animation&quot;:&quot;fadeIn&quot;,&quot;_animation_delay&quot;:400}\" data-widget_type=\"text-editor.default\">\n\t\t\t\t\t\t\t\t\tBluetooth-enabled 10 kWh battery; with a 51.2V structure and wall-mounted design, it is suitable for home systems.\t\t\t\t\t\t\t\t<\/div>\n\t\t\t\t<div class=\"elementor-element elementor-element-d37f7cf elementor-widget__width-auto elementor-widget elementor-widget-ha-creative-button happy-addon ha-creative-button\" data-id=\"d37f7cf\" data-element_type=\"widget\" data-widget_type=\"ha-creative-button.default\">\n\t\t\t\t\t\t\t<div data-magnetic=\"no\" class=\"ha-creative-btn-wrap\">\n\t\t\t<a class=\"ha-creative-btn ha-stl--hermosa ha-eft--bloom\" href=\"https:\/\/enavoltenergy.com\/en\/our-products\/residential-energy-storage-system\/10-kwh-ev-charging-station-energy-storage-system\/\" rel=\"nofollow\"><div><\/div><span>REVIEW<\/span><\/a>\n\t\t<\/div>\t\t\t\t<\/div>\n\t\t\t\t<\/div>\n\t\t<div class=\"elementor-element elementor-element-1875881 e-con-full e-flex e-con e-child\" data-id=\"1875881\" data-element_type=\"container\" data-settings=\"{&quot;_ha_eqh_enable&quot;:false}\">\n\t\t\t\t<div class=\"elementor-element elementor-element-75bc48a7 ha-has-bg-overlay elementor-widget elementor-widget-image\" data-id=\"75bc48a7\" data-element_type=\"widget\" data-widget_type=\"image.default\">\n\t\t\t\t\t\t\t\t\t\t\t\t\t\t\t<img decoding=\"async\" width=\"412\" height=\"795\" src=\"https:\/\/enavoltenergy.com\/wp-content\/uploads\/2025\/09\/tSaqdhlWZxhe7CX1R6SkxPPWFSg.avif\" class=\"attachment-large size-large wp-image-384\" alt=\"\" srcset=\"https:\/\/enavoltenergy.com\/wp-content\/uploads\/2025\/09\/tSaqdhlWZxhe7CX1R6SkxPPWFSg.avif 412w, https:\/\/enavoltenergy.com\/wp-content\/uploads\/2025\/09\/tSaqdhlWZxhe7CX1R6SkxPPWFSg-155x300.avif 155w\" sizes=\"(max-width: 412px) 100vw, 412px\" \/>\t\t\t\t\t\t\t\t\t\t\t\t\t\t\t<\/div>\n\t\t\t\t<div class=\"elementor-element elementor-element-4a5827fd elementor-widget elementor-widget-ha-creative-button happy-addon ha-creative-button\" data-id=\"4a5827fd\" data-element_type=\"widget\" data-widget_type=\"ha-creative-button.default\">\n\t\t\t\t\t\t\t<div data-magnetic=\"no\" class=\"ha-creative-btn-wrap\">\n\t\t\t<a class=\"ha-creative-btn ha-stl--hermosa ha-eft--downhill\" href=\"https:\/\/enavoltenergy.com\/en\/our-products\/residential-energy-storage-system\/volm-19-2-kwh-65-28-kwh-domestic-type-scalable-energy-storage-system\/\" rel=\"nofollow\"><span><span>HOME TYPE<\/span><\/span><\/a>\n\t\t<\/div>\t\t\t\t<\/div>\n\t\t\t\t<div class=\"elementor-element elementor-element-57dad875 elementor-widget__width-inherit elementor-invisible elementor-widget elementor-widget-heading\" data-id=\"57dad875\" data-element_type=\"widget\" data-settings=\"{&quot;_animation&quot;:&quot;fadeIn&quot;,&quot;_animation_delay&quot;:300}\" data-widget_type=\"heading.default\">\n\t\t\t\t\t<h2 class=\"elementor-heading-title elementor-size-default\">VORA 19.2 kWh-65.28 kWh  SCALABLE ENERGY STORAGE SYSTEM<\/h2>\t\t\t\t<\/div>\n\t\t\t\t<div class=\"elementor-element elementor-element-404b8d91 elementor-widget__width-inherit elementor-invisible elementor-widget elementor-widget-text-editor\" data-id=\"404b8d91\" data-element_type=\"widget\" data-settings=\"{&quot;_animation&quot;:&quot;fadeIn&quot;,&quot;_animation_delay&quot;:400}\" data-widget_type=\"text-editor.default\">\n\t\t\t\t\t\t\t\t\tLFP technology provides reliable energy storage for residential and commercial applications with its advanced BMS protection and compact design.\t\t\t\t\t\t\t\t<\/div>\n\t\t\t\t<div class=\"elementor-element elementor-element-6f093f8f elementor-widget__width-auto elementor-widget elementor-widget-ha-creative-button happy-addon ha-creative-button\" data-id=\"6f093f8f\" data-element_type=\"widget\" data-widget_type=\"ha-creative-button.default\">\n\t\t\t\t\t\t\t<div data-magnetic=\"no\" class=\"ha-creative-btn-wrap\">\n\t\t\t<a class=\"ha-creative-btn ha-stl--hermosa ha-eft--bloom\" href=\"https:\/\/enavoltenergy.com\/en\/our-products\/residential-energy-storage-system\/volm-19-2-kwh-65-28-kwh-domestic-type-scalable-energy-storage-system\/\" rel=\"nofollow\"><div><\/div><span>REVIEW<\/span><\/a>\n\t\t<\/div>\t\t\t\t<\/div>\n\t\t\t\t<\/div>\n\t\t\t\t\t<\/div>\n\t\t\t\t<\/div>\n\t\t\t\t<\/div>","protected":false},"excerpt":{"rendered":"<p>Ana Sayfa T\u00fcm\u00fc Y\u00fcksek Gerilim Bataryalar\u0131 Ev Tipi Enerji Depolama Sitemi Askeri Bataryalar \/ \u00d6zel Tasar\u0131m ve \u00dcretim \u00c7\u00f6z\u00fcmleri Marin \/ Solar Bataryalar End\u00fcstriyel Ara\u00e7 Bataryalar\u0131 EV T\u0130P\u0130 10kWh EV T\u0130P\u0130 ENERJ\u0130 DEPOLAMA S\u0130STEM\u0130 Bluetooth izlemeli 10\u202fkWh batarya; 51.2V yap\u0131 ve duvara monte tasar\u0131m\u0131yla ev sistemlerine uygundur. \u0130NCELE EV T\u0130P\u0130 VORA 19.2 kWh-65.28 kWh \u00d6L\u00c7EKLENEB\u0130L\u0130R [&hellip;]<\/p>","protected":false},"author":1,"featured_media":0,"parent":264,"menu_order":0,"comment_status":"closed","ping_status":"closed","template":"","meta":{"footnotes":""},"class_list":["post-291","page","type-page","status-publish","hentry"],"_links":{"self":[{"href":"https:\/\/enavoltenergy.com\/en\/wp-json\/wp\/v2\/pages\/291","targetHints":{"allow":["GET"]}}],"collection":[{"href":"https:\/\/enavoltenergy.com\/en\/wp-json\/wp\/v2\/pages"}],"about":[{"href":"https:\/\/enavoltenergy.com\/en\/wp-json\/wp\/v2\/types\/page"}],"author":[{"embeddable":true,"href":"https:\/\/enavoltenergy.com\/en\/wp-json\/wp\/v2\/users\/1"}],"replies":[{"embeddable":true,"href":"https:\/\/enavoltenergy.com\/en\/wp-json\/wp\/v2\/comments?post=291"}],"version-history":[{"count":46,"href":"https:\/\/enavoltenergy.com\/en\/wp-json\/wp\/v2\/pages\/291\/revisions"}],"predecessor-version":[{"id":1819,"href":"https:\/\/enavoltenergy.com\/en\/wp-json\/wp\/v2\/pages\/291\/revisions\/1819"}],"up":[{"embeddable":true,"href":"https:\/\/enavoltenergy.com\/en\/wp-json\/wp\/v2\/pages\/264"}],"wp:attachment":[{"href":"https:\/\/enavoltenergy.com\/en\/wp-json\/wp\/v2\/media?parent=291"}],"curies":[{"name":"wp","href":"https:\/\/api.w.org\/{rel}","templated":true}]}}