{"id":290,"date":"2025-09-07T23:31:52","date_gmt":"2025-09-07T23:31:52","guid":{"rendered":"https:\/\/enavoltenergy.com\/?page_id=290"},"modified":"2025-09-25T16:21:30","modified_gmt":"2025-09-25T16:21:30","slug":"military-battery-systems","status":"publish","type":"page","link":"https:\/\/enavoltenergy.com\/en\/our-products\/military-battery-systems\/","title":{"rendered":"Military Battery Systems"},"content":{"rendered":"<div data-elementor-type=\"wp-page\" data-elementor-id=\"290\" class=\"elementor elementor-290\" data-elementor-settings=\"{&quot;ha_cmc_init_switcher&quot;:&quot;no&quot;}\" data-elementor-post-type=\"page\">\n\t\t\t\t<div data-ha-partstyle=\"nasa\" data-ha-partcolor=\"#08A89E\" data-ha-partopacity=\"\" data-ha-partdirection=\"bottom\" class=\"elementor-element elementor-element-124e5732 ha-particle-yes e-flex e-con-boxed ha-particle-adv-no e-con e-parent\" data-id=\"124e5732\" data-element_type=\"container\" data-settings=\"{&quot;background_background&quot;:&quot;classic&quot;,&quot;_ha_eqh_enable&quot;:false}\">\n\t\t\t\t\t<div class=\"e-con-inner\">\n\t\t<div class=\"elementor-element elementor-element-160bf32b e-con-full e-flex e-con e-child\" data-id=\"160bf32b\" data-element_type=\"container\" data-settings=\"{&quot;_ha_eqh_enable&quot;:false}\">\n\t\t\t\t<div class=\"elementor-element elementor-element-78ff54af elementor-icon-list--layout-inline elementor-align-center elementor-list-item-link-full_width elementor-widget elementor-widget-icon-list\" data-id=\"78ff54af\" data-element_type=\"widget\" data-widget_type=\"icon-list.default\">\n\t\t\t\t\t\t\t<ul class=\"elementor-icon-list-items elementor-inline-items\">\n\t\t\t\t\t\t\t<li class=\"elementor-icon-list-item elementor-inline-item\">\n\t\t\t\t\t\t\t\t\t\t\t<a href=\"https:\/\/enavoltenergy.com\/en\">\n\n\t\t\t\t\t\t\t\t\t\t\t<span class=\"elementor-icon-list-text\">Home<\/span>\n\t\t\t\t\t\t\t\t\t\t\t<\/a>\n\t\t\t\t\t\t\t\t\t<\/li>\n\t\t\t\t\t\t<\/ul>\n\t\t\t\t\t\t<\/div>\n\t\t\t\t<div class=\"elementor-element elementor-element-6f4f30cf elementor-icon-list--layout-inline elementor-align-center elementor-list-item-link-full_width elementor-widget elementor-widget-icon-list\" data-id=\"6f4f30cf\" data-element_type=\"widget\" data-widget_type=\"icon-list.default\">\n\t\t\t\t\t\t\t<ul class=\"elementor-icon-list-items elementor-inline-items\">\n\t\t\t\t\t\t\t<li class=\"elementor-icon-list-item elementor-inline-item\">\n\t\t\t\t\t\t\t\t\t\t\t<a href=\"https:\/\/enavoltenergy.com\/en\/our-products\/military-battery-systems\/\">\n\n\t\t\t\t\t\t\t\t\t\t\t\t<span class=\"elementor-icon-list-icon\">\n\t\t\t\t\t\t\t<svg aria-hidden=\"true\" class=\"e-font-icon-svg e-fas-chevron-right\" viewbox=\"0 0 320 512\" xmlns=\"http:\/\/www.w3.org\/2000\/svg\"><path d=\"M285.476 272.971L91.132 467.314c-9.373 9.373-24.569 9.373-33.941 0l-22.667-22.667c-9.357-9.357-9.375-24.522-.04-33.901L188.505 256 34.484 101.255c-9.335-9.379-9.317-24.544.04-33.901l22.667-22.667c9.373-9.373 24.569-9.373 33.941 0L285.475 239.03c9.373 9.372 9.373 24.568.001 33.941z\"><\/path><\/svg>\t\t\t\t\t\t<\/span>\n\t\t\t\t\t\t\t\t\t\t<span class=\"elementor-icon-list-text\">Military Battery Systems<\/span>\n\t\t\t\t\t\t\t\t\t\t\t<\/a>\n\t\t\t\t\t\t\t\t\t<\/li>\n\t\t\t\t\t\t<\/ul>\n\t\t\t\t\t\t<\/div>\n\t\t\t\t<\/div>\n\t\t<div class=\"elementor-element elementor-element-66252297 e-con-full e-flex e-con e-child\" data-id=\"66252297\" data-element_type=\"container\" data-settings=\"{&quot;_ha_eqh_enable&quot;:false}\">\n\t\t\t\t<div class=\"elementor-element elementor-element-5c56040a elementor-widget__width-auto elementor-invisible elementor-widget elementor-widget-heading\" data-id=\"5c56040a\" data-element_type=\"widget\" data-settings=\"{&quot;_animation&quot;:&quot;fadeIn&quot;,&quot;_animation_delay&quot;:300}\" data-widget_type=\"heading.default\">\n\t\t\t\t\t<h1 class=\"elementor-heading-title elementor-size-default\">Military Battery Systems<\/h1>\t\t\t\t<\/div>\n\t\t\t\t<\/div>\n\t\t\t\t\t<\/div>\n\t\t\t\t<\/div>\n\t\t<div class=\"elementor-element elementor-element-596f74d1 e-flex e-con-boxed e-con e-parent\" data-id=\"596f74d1\" data-element_type=\"container\" data-settings=\"{&quot;_ha_eqh_enable&quot;:false}\">\n\t\t\t\t\t<div class=\"e-con-inner\">\n\t\t\t\t<div class=\"elementor-element elementor-element-853d4b5 elementor-widget__width-auto elementor-widget elementor-widget-ha-creative-button happy-addon ha-creative-button\" data-id=\"853d4b5\" data-element_type=\"widget\" data-widget_type=\"ha-creative-button.default\">\n\t\t\t\t\t\t\t<div data-magnetic=\"no\" class=\"ha-creative-btn-wrap\">\n\t\t\t<a class=\"ha-creative-btn ha-stl--hermosa ha-eft--bloom\" href=\"https:\/\/enavoltenergy.com\/en\/urunlerimiz-2\/\" rel=\"nofollow\"><div><\/div><span>All<\/span><\/a>\n\t\t<\/div>\t\t\t\t<\/div>\n\t\t\t\t<div class=\"elementor-element elementor-element-77ae36d5 elementor-widget__width-auto elementor-widget elementor-widget-ha-creative-button happy-addon ha-creative-button\" data-id=\"77ae36d5\" data-element_type=\"widget\" data-widget_type=\"ha-creative-button.default\">\n\t\t\t\t\t\t\t<div data-magnetic=\"no\" class=\"ha-creative-btn-wrap\">\n\t\t\t<a class=\"ha-creative-btn ha-stl--hermosa ha-eft--bloom\" href=\"https:\/\/enavoltenergy.com\/en\/our-products\/high-voltage-batteries\/\" rel=\"nofollow\"><div><\/div><span>High Voltage Batteries<\/span><\/a>\n\t\t<\/div>\t\t\t\t<\/div>\n\t\t\t\t<div class=\"elementor-element elementor-element-311b188b elementor-widget__width-auto elementor-widget elementor-widget-ha-creative-button happy-addon ha-creative-button\" data-id=\"311b188b\" data-element_type=\"widget\" data-widget_type=\"ha-creative-button.default\">\n\t\t\t\t\t\t\t<div data-magnetic=\"no\" class=\"ha-creative-btn-wrap\">\n\t\t\t<a class=\"ha-creative-btn ha-stl--hermosa ha-eft--bloom\" href=\"https:\/\/enavoltenergy.com\/en\/our-products\/residential-energy-storage-system\/\" rel=\"nofollow\"><div><\/div><span>Residential Energy Storage System<\/span><\/a>\n\t\t<\/div>\t\t\t\t<\/div>\n\t\t\t\t<div class=\"elementor-element elementor-element-310edc2d elementor-widget__width-auto elementor-widget elementor-widget-ha-creative-button happy-addon ha-creative-button\" data-id=\"310edc2d\" data-element_type=\"widget\" data-widget_type=\"ha-creative-button.default\">\n\t\t\t\t\t\t\t<div data-magnetic=\"no\" class=\"ha-creative-btn-wrap\">\n\t\t\t<a class=\"ha-creative-btn ha-stl--hermosa ha-eft--bloom\" href=\"https:\/\/enavoltenergy.com\/en\/our-products\/residential-energy-storage-system\/\" rel=\"nofollow\"><div><\/div><span>Military Batteries \/   Custom Design and Manufacturing Solutions<\/span><\/a>\n\t\t<\/div>\t\t\t\t<\/div>\n\t\t\t\t\t<\/div>\n\t\t\t\t<\/div>\n\t\t<div class=\"elementor-element elementor-element-4831a2a9 e-flex e-con-boxed e-con e-parent\" data-id=\"4831a2a9\" data-element_type=\"container\" data-settings=\"{&quot;_ha_eqh_enable&quot;:false}\">\n\t\t\t\t\t<div class=\"e-con-inner\">\n\t\t\t\t<div class=\"elementor-element elementor-element-31378ca5 elementor-widget__width-auto elementor-widget elementor-widget-ha-creative-button happy-addon ha-creative-button\" data-id=\"31378ca5\" data-element_type=\"widget\" data-widget_type=\"ha-creative-button.default\">\n\t\t\t\t\t\t\t<div data-magnetic=\"no\" class=\"ha-creative-btn-wrap\">\n\t\t\t<a class=\"ha-creative-btn ha-stl--hermosa ha-eft--bloom\" href=\"https:\/\/enavoltenergy.com\/en\/our-products\/marine-solar-batteries\/\" rel=\"nofollow\"><div><\/div><span>Marine \/ Solar Batteries<\/span><\/a>\n\t\t<\/div>\t\t\t\t<\/div>\n\t\t\t\t<div class=\"elementor-element elementor-element-4120085a elementor-widget__width-auto elementor-widget elementor-widget-ha-creative-button happy-addon ha-creative-button\" data-id=\"4120085a\" data-element_type=\"widget\" data-widget_type=\"ha-creative-button.default\">\n\t\t\t\t\t\t\t<div data-magnetic=\"no\" class=\"ha-creative-btn-wrap\">\n\t\t\t<a class=\"ha-creative-btn ha-stl--hermosa ha-eft--bloom\" href=\"https:\/\/enavoltenergy.com\/en\/our-products\/industrial-vehicle-batteries\/\" rel=\"nofollow\"><div><\/div><span>Industrial Vehicle Batteries<\/span><\/a>\n\t\t<\/div>\t\t\t\t<\/div>\n\t\t\t\t\t<\/div>\n\t\t\t\t<\/div>\n\t\t<div class=\"elementor-element elementor-element-d36def3 e-flex e-con-boxed e-con e-parent\" data-id=\"d36def3\" data-element_type=\"container\" data-settings=\"{&quot;_ha_eqh_enable&quot;:false}\">\n\t\t\t\t\t<div class=\"e-con-inner\">\n\t\t<div class=\"elementor-element elementor-element-9045fb1 e-con-full animated-fast e-flex elementor-invisible e-con e-child\" data-id=\"9045fb1\" data-element_type=\"container\" data-settings=\"{&quot;animation&quot;:&quot;fadeIn&quot;,&quot;_ha_eqh_enable&quot;:false}\">\n\t\t<div class=\"elementor-element elementor-element-b95783f e-con-full e-flex e-con e-child\" data-id=\"b95783f\" data-element_type=\"container\" data-settings=\"{&quot;_ha_eqh_enable&quot;:false}\">\n\t\t\t\t<div class=\"elementor-element elementor-element-42494ad elementor-widget__width-inherit elementor-invisible elementor-widget elementor-widget-text-editor\" data-id=\"42494ad\" data-element_type=\"widget\" data-settings=\"{&quot;_animation&quot;:&quot;fadeIn&quot;,&quot;_animation_delay&quot;:400}\" data-widget_type=\"text-editor.default\">\n\t\t\t\t\t\t\t\t\t<div class=\"framer-1krinfm\" data-framer-name=\"Teknolojik uzmanl\u0131\u011f\u0131m\u0131z, sadece y\u00fcksek performansl\u0131 \u00fcr\u00fcnler geli\u015ftirmemizi de\u011fil, ayn\u0131 zamanda m\u00fc\u015fterilerimizin en karma\u015f\u0131k enerji ihtiya\u00e7lar\u0131na \u00f6zel, u\u00e7tan uca \u00e7\u00f6z\u00fcmler sunmam\u0131z\u0131 sa\u011flar. Projelerimiz, m\u00fchendislik bilgimizin ve yenilik\u00e7i yakla\u015f\u0131m\u0131m\u0131z\u0131n sahada kan\u0131tland\u0131\u011f\u0131 ba\u015far\u0131 hikayeleridir. Standart \u00e7\u00f6z\u00fcmlerin \u00f6tesine ge\u00e7erek, her m\u00fc\u015fterinin benzersiz gereksinimlerine g\u00f6re \u00f6zel sistemler tasarl\u0131yor, \u00fcretiyor ve devreye al\u0131yoruz. Enerji verimlili\u011fi arayan end\u00fcstriyel tesislerden , e-mobilitenin gelece\u011fini \u015fekillendiren \u015febekeden ba\u011f\u0131ms\u0131z \u015farj altyap\u0131lar\u0131na ve savunma sanayiinin en zorlu ko\u015fullar\u0131na y\u00f6nelik geli\u015ftirilen y\u00fcksek g\u00fcvenlikli mobil sistemlere kadar geni\u015f bir yelpazede hizmet sunuyoruz. Her proje, bizim i\u00e7in yeni bir teknolojik meydan okuma ve m\u00fc\u015fterilerimiz i\u00e7in de\u011fer yaratma f\u0131rsat\u0131d\u0131r. S\u00fcre\u00e7lerimiz, konsept geli\u015ftirmeden ba\u015flar; mekanik ve elektronik tasar\u0131m , inverter ve haberle\u015fme entegrasyonu , \u00f6zel kullan\u0131c\u0131 aray\u00fczleri ve sistem testleri gibi t\u00fcm a\u015famalar\u0131 kapsar. Projelerimizi anahtar teslim bir modelle hayata ge\u00e7irerek, m\u00fc\u015fterilerimizin t\u00fcm s\u00fcreci tek ve g\u00fcvenilir bir ortakla y\u00fcr\u00fctmesini sa\u011fl\u0131yoruz. T\u00dcB\u0130TAK taraf\u0131ndan desteklenen Ar-Ge projelerimizle de gelece\u011fin enerji teknolojilerini bug\u00fcnden geli\u015ftirmeye devam ediyoruz.\" data-framer-component-type=\"RichTextContainer\"><div class=\"framer-pnbinv\" data-framer-name=\"Kritik savunma uygulamalar\u0131 ve en zorlu operasyonel sahalar i\u00e7in geli\u015ftirilen Askeri Bataryalar\u0131m\u0131z, g\u00f6revin her an\u0131nda mutlak g\u00fcvenilirlik, dayan\u0131kl\u0131l\u0131k ve taktiksel \u00fcst\u00fcnl\u00fck sa\u011flamak \u00fczere tasarlanm\u0131\u015ft\u0131r. T\u00fcm tasar\u0131m ve \u00fcretim s\u00fcre\u00e7lerimiz, askeri standartlar\u0131n gerektirdi\u011fi y\u00fcksek beklentileri kar\u015f\u0131lamak \u00fczere MIL-STD uyumlu bir yakla\u015f\u0131m\u0131 temel al\u0131r. Bu sayede \u00fcr\u00fcnlerimiz, en zorlu ko\u015fullar alt\u0131nda dahi \u00f6ng\u00f6r\u00fclebilir ve istikrarl\u0131 bir performans sunar. Y\u00fcksek \u015fok, darbe ve titre\u015fime maruz kalan askeri platformlarda kesintisiz i\u015flevsellik sunmak \u00fczere tasarlanan bu bataryalar, \u00f6zel koruyucu kaplamas\u0131 ve IP65 ve \u00fczeri s\u0131zd\u0131rmazl\u0131k seviyesiyle zorlu iklim ve \u00e7evre ko\u015fullar\u0131nda (toz, nem, su) dahi \u00fcst\u00fcn koruma ve operasyonel devaml\u0131l\u0131k sa\u011flar. Geli\u015fmi\u015f Batarya Y\u00f6netim Sistemi (BMS), bataryan\u0131n termal ve elektriksel g\u00fcvenli\u011fini garanti alt\u0131na al\u0131rken, en u\u00e7 s\u0131cakl\u0131k aral\u0131klar\u0131nda (-20\u00b0C ~ +60\u00b0C) bile stabil \u00e7al\u0131\u015fmay\u0131 m\u00fcmk\u00fcn k\u0131lar. Taktik avantaj\u0131n kilit rol oynad\u0131\u011f\u0131 g\u00f6revler i\u00e7in, sessiz \u00e7al\u0131\u015fmay\u0131 destekleyen \u00f6zel termal tasar\u0131m\u0131m\u0131z, bataryan\u0131n akustik izini minimuma indirerek platformun gizlili\u011fine katk\u0131da bulunur. Veri g\u00fcvenli\u011finin en \u00fcst d\u00fczeyde \u00f6nem ta\u015f\u0131d\u0131\u011f\u0131 sistemler i\u00e7in ise iste\u011fe ba\u011fl\u0131 sunulan \u00f6zelle\u015ftirilmi\u015f ve \u015fifreli haberle\u015fme protokolleri, hassas verilerin gizlili\u011fini ve sistem b\u00fct\u00fcnl\u00fc\u011f\u00fcn\u00fc d\u0131\u015f m\u00fcdahalelere kar\u015f\u0131 korur. Bu bataryalar, sadece birer enerji kayna\u011f\u0131 de\u011fil, ayn\u0131 zamanda g\u00f6revin ba\u015far\u0131s\u0131n\u0131 do\u011frudan etkileyen, y\u00fcksek teknolojiye sahip taktik g\u00fc\u00e7 \u00e7\u00f6z\u00fcmleridir. Savunma sanayii projelerinizde g\u00fcvenilir bir teknoloji orta\u011f\u0131 olarak, ihtiya\u00e7lar\u0131n\u0131za \u00f6zel \u00e7\u00f6z\u00fcmler sunmaya haz\u0131r\u0131z.\" data-framer-component-type=\"RichTextContainer\"><p class=\"framer-text\">At Enavolt Energy, we design and manufacture battery solutions that meet the high durability, reliability and performance standards required for military applications, tailored entirely to customer requirements. Instead of a one-size-fits-all product, we adopt a bespoke design approach from scratch for each project.<\/p><p class=\"framer-text\"><strong class=\"framer-text\">Completely Customised Design<\/strong><\/p><p class=\"framer-text\">In line with the technical and operational requirements of our customers, we can customise our batteries in the following areas:<\/p><ul class=\"framer-text\"><li class=\"framer-text\"><p class=\"framer-text translation-block\"><strong class=\"framer-text\">Power Options<\/strong>: System configuration according to desired voltage, current and power values<\/p><\/li><li class=\"framer-text\"><p class=\"framer-text translation-block\"><strong class=\"framer-text\">Capacity:<\/strong> Determining the optimum capacity based on the application's energy requirements<\/p><\/li><li class=\"framer-text\"><p class=\"framer-text translation-block\"><strong class=\"framer-text\">Cell Chemistry<\/strong>: Selection from different cell technologies such as LFP, NMC, LTO, etc.<\/p><\/li><li class=\"framer-text\"><p class=\"framer-text translation-block\"><strong class=\"framer-text\">Electrical Design:<\/strong> Custom connection topologies, high-security circuit designs, EMC\/EMI compliant solutions<\/p><\/li><li class=\"framer-text\"><p class=\"framer-text translation-block\"><strong class=\"framer-text\">Embedded Software:<\/strong> Developing mission-critical BMS software compatible with the required communication protocols (CAN, RS485, MIL-STD, etc.)<\/p><\/li><li class=\"framer-text\"><p class=\"framer-text translation-block\"><strong class=\"framer-text\">Mechanical Design:<\/strong> Body design resistant to harsh terrain conditions, special connection and mounting solutions<\/p><\/li><li class=\"framer-text\"><p class=\"framer-text translation-block\"><strong class=\"framer-text\">Cooling Options:<\/strong> Passive cooling, fan-assisted air cooling, liquid cooling, heating modules and hybrid systems<\/p><\/li><li class=\"framer-text\"><p class=\"framer-text\"><strong class=\"framer-text\">Resilience and Security Priority<\/strong><\/p><p class=\"framer-text\">We conduct design and testing processes in accordance with military standards to ensure high performance under harsh environmental conditions such as shock, vibration, temperature changes, humidity and dust.<\/p><p class=\"framer-text\"><strong class=\"framer-text\">Full Integration Support<\/strong><\/p><p class=\"framer-text\">The battery systems we develop are designed to be compatible with military vehicles, radar and communication systems, unmanned air, land and sea vehicles, mobile base systems and other defence equipment.<\/p><\/li><\/ul><\/div><div class=\"framer-fvwp0q\" data-framer-name=\"M\u00fchendislik kabiliyetimiz ve derin sekt\u00f6r tecr\u00fcbemizle, en zorlu projeler i\u00e7in dahi \u00f6zel enerji depolama sistemleri tasarl\u0131yor ve \u00fcretiyoruz. Standart \u00fcr\u00fcnlerimizin \u00f6tesinde, projenizin spesifik gereksinimlerine g\u00f6re \u015fekillendirdi\u011fimiz anahtar teslim \u00e7\u00f6z\u00fcmler sunuyoruz. Uzman ekibimizle projenizi hayata ge\u00e7irmek i\u00e7in a\u015fa\u011f\u0131daki ad\u0131mlar\u0131 izleyerek talebinizi bize iletebilirsiniz.\" data-framer-component-type=\"RichTextContainer\"><p class=\"framer-text\">\u00a0<\/p><\/div><\/div>\t\t\t\t\t\t\t\t<\/div>\n\t\t\t\t<\/div>\n\t\t<div class=\"elementor-element elementor-element-c6e2227 e-con-full e-flex e-con e-child\" data-id=\"c6e2227\" data-element_type=\"container\" data-settings=\"{&quot;_ha_eqh_enable&quot;:false}\">\n\t\t\t\t<div class=\"elementor-element elementor-element-c787ac8 elementor-widget elementor-widget-image\" data-id=\"c787ac8\" data-element_type=\"widget\" data-widget_type=\"image.default\">\n\t\t\t\t\t\t\t\t\t\t\t\t\t\t\t<img fetchpriority=\"high\" decoding=\"async\" width=\"800\" height=\"800\" src=\"https:\/\/enavoltenergy.com\/wp-content\/uploads\/2025\/09\/Y9AwClC8Q0P1PO7ev71qz0hNAKY-1.avif\" class=\"attachment-large size-large wp-image-948\" alt=\"\" srcset=\"https:\/\/enavoltenergy.com\/wp-content\/uploads\/2025\/09\/Y9AwClC8Q0P1PO7ev71qz0hNAKY-1.avif 1024w, https:\/\/enavoltenergy.com\/wp-content\/uploads\/2025\/09\/Y9AwClC8Q0P1PO7ev71qz0hNAKY-1-300x300.avif 300w, https:\/\/enavoltenergy.com\/wp-content\/uploads\/2025\/09\/Y9AwClC8Q0P1PO7ev71qz0hNAKY-1-150x150.avif 150w, https:\/\/enavoltenergy.com\/wp-content\/uploads\/2025\/09\/Y9AwClC8Q0P1PO7ev71qz0hNAKY-1-768x768.avif 768w, https:\/\/enavoltenergy.com\/wp-content\/uploads\/2025\/09\/Y9AwClC8Q0P1PO7ev71qz0hNAKY-1-700x700.avif 700w\" sizes=\"(max-width: 800px) 100vw, 800px\" \/>\t\t\t\t\t\t\t\t\t\t\t\t\t\t\t<\/div>\n\t\t\t\t<div class=\"elementor-element elementor-element-623c34c elementor-widget elementor-widget-image\" data-id=\"623c34c\" data-element_type=\"widget\" data-widget_type=\"image.default\">\n\t\t\t\t\t\t\t\t\t\t\t\t\t\t\t<img decoding=\"async\" width=\"408\" height=\"407\" src=\"https:\/\/enavoltenergy.com\/wp-content\/uploads\/2025\/09\/r1ZndmiKBUPkPSH6shAprGauaxk-1.avif\" class=\"attachment-large size-large wp-image-947\" alt=\"\" srcset=\"https:\/\/enavoltenergy.com\/wp-content\/uploads\/2025\/09\/r1ZndmiKBUPkPSH6shAprGauaxk-1.avif 408w, https:\/\/enavoltenergy.com\/wp-content\/uploads\/2025\/09\/r1ZndmiKBUPkPSH6shAprGauaxk-1-300x300.avif 300w, https:\/\/enavoltenergy.com\/wp-content\/uploads\/2025\/09\/r1ZndmiKBUPkPSH6shAprGauaxk-1-150x150.avif 150w\" sizes=\"(max-width: 408px) 100vw, 408px\" \/>\t\t\t\t\t\t\t\t\t\t\t\t\t\t\t<\/div>\n\t\t\t\t<\/div>\n\t\t\t\t<\/div>\n\t\t\t\t\t<\/div>\n\t\t\t\t<\/div>\n\t\t<div class=\"elementor-element elementor-element-6091118 e-flex e-con-boxed e-con e-parent\" data-id=\"6091118\" data-element_type=\"container\" data-settings=\"{&quot;_ha_eqh_enable&quot;:false}\">\n\t\t\t\t\t<div class=\"e-con-inner\">\n\t\t\t\t<div class=\"elementor-element elementor-element-523cd53 elementor-widget__width-inherit elementor-invisible elementor-widget elementor-widget-text-editor\" data-id=\"523cd53\" data-element_type=\"widget\" data-settings=\"{&quot;_animation&quot;:&quot;fadeIn&quot;,&quot;_animation_delay&quot;:400}\" data-widget_type=\"text-editor.default\">\n\t\t\t\t\t\t\t\t\t<div class=\"framer-1krinfm\" data-framer-name=\"Teknolojik uzmanl\u0131\u011f\u0131m\u0131z, sadece y\u00fcksek performansl\u0131 \u00fcr\u00fcnler geli\u015ftirmemizi de\u011fil, ayn\u0131 zamanda m\u00fc\u015fterilerimizin en karma\u015f\u0131k enerji ihtiya\u00e7lar\u0131na \u00f6zel, u\u00e7tan uca \u00e7\u00f6z\u00fcmler sunmam\u0131z\u0131 sa\u011flar. Projelerimiz, m\u00fchendislik bilgimizin ve yenilik\u00e7i yakla\u015f\u0131m\u0131m\u0131z\u0131n sahada kan\u0131tland\u0131\u011f\u0131 ba\u015far\u0131 hikayeleridir. Standart \u00e7\u00f6z\u00fcmlerin \u00f6tesine ge\u00e7erek, her m\u00fc\u015fterinin benzersiz gereksinimlerine g\u00f6re \u00f6zel sistemler tasarl\u0131yor, \u00fcretiyor ve devreye al\u0131yoruz. Enerji verimlili\u011fi arayan end\u00fcstriyel tesislerden , e-mobilitenin gelece\u011fini \u015fekillendiren \u015febekeden ba\u011f\u0131ms\u0131z \u015farj altyap\u0131lar\u0131na ve savunma sanayiinin en zorlu ko\u015fullar\u0131na y\u00f6nelik geli\u015ftirilen y\u00fcksek g\u00fcvenlikli mobil sistemlere kadar geni\u015f bir yelpazede hizmet sunuyoruz. Her proje, bizim i\u00e7in yeni bir teknolojik meydan okuma ve m\u00fc\u015fterilerimiz i\u00e7in de\u011fer yaratma f\u0131rsat\u0131d\u0131r. S\u00fcre\u00e7lerimiz, konsept geli\u015ftirmeden ba\u015flar; mekanik ve elektronik tasar\u0131m , inverter ve haberle\u015fme entegrasyonu , \u00f6zel kullan\u0131c\u0131 aray\u00fczleri ve sistem testleri gibi t\u00fcm a\u015famalar\u0131 kapsar. Projelerimizi anahtar teslim bir modelle hayata ge\u00e7irerek, m\u00fc\u015fterilerimizin t\u00fcm s\u00fcreci tek ve g\u00fcvenilir bir ortakla y\u00fcr\u00fctmesini sa\u011fl\u0131yoruz. T\u00dcB\u0130TAK taraf\u0131ndan desteklenen Ar-Ge projelerimizle de gelece\u011fin enerji teknolojilerini bug\u00fcnden geli\u015ftirmeye devam ediyoruz.\" data-framer-component-type=\"RichTextContainer\"><div class=\"framer-pnbinv\" data-framer-name=\"Kritik savunma uygulamalar\u0131 ve en zorlu operasyonel sahalar i\u00e7in geli\u015ftirilen Askeri Bataryalar\u0131m\u0131z, g\u00f6revin her an\u0131nda mutlak g\u00fcvenilirlik, dayan\u0131kl\u0131l\u0131k ve taktiksel \u00fcst\u00fcnl\u00fck sa\u011flamak \u00fczere tasarlanm\u0131\u015ft\u0131r. T\u00fcm tasar\u0131m ve \u00fcretim s\u00fcre\u00e7lerimiz, askeri standartlar\u0131n gerektirdi\u011fi y\u00fcksek beklentileri kar\u015f\u0131lamak \u00fczere MIL-STD uyumlu bir yakla\u015f\u0131m\u0131 temel al\u0131r. Bu sayede \u00fcr\u00fcnlerimiz, en zorlu ko\u015fullar alt\u0131nda dahi \u00f6ng\u00f6r\u00fclebilir ve istikrarl\u0131 bir performans sunar. Y\u00fcksek \u015fok, darbe ve titre\u015fime maruz kalan askeri platformlarda kesintisiz i\u015flevsellik sunmak \u00fczere tasarlanan bu bataryalar, \u00f6zel koruyucu kaplamas\u0131 ve IP65 ve \u00fczeri s\u0131zd\u0131rmazl\u0131k seviyesiyle zorlu iklim ve \u00e7evre ko\u015fullar\u0131nda (toz, nem, su) dahi \u00fcst\u00fcn koruma ve operasyonel devaml\u0131l\u0131k sa\u011flar. Geli\u015fmi\u015f Batarya Y\u00f6netim Sistemi (BMS), bataryan\u0131n termal ve elektriksel g\u00fcvenli\u011fini garanti alt\u0131na al\u0131rken, en u\u00e7 s\u0131cakl\u0131k aral\u0131klar\u0131nda (-20\u00b0C ~ +60\u00b0C) bile stabil \u00e7al\u0131\u015fmay\u0131 m\u00fcmk\u00fcn k\u0131lar. Taktik avantaj\u0131n kilit rol oynad\u0131\u011f\u0131 g\u00f6revler i\u00e7in, sessiz \u00e7al\u0131\u015fmay\u0131 destekleyen \u00f6zel termal tasar\u0131m\u0131m\u0131z, bataryan\u0131n akustik izini minimuma indirerek platformun gizlili\u011fine katk\u0131da bulunur. Veri g\u00fcvenli\u011finin en \u00fcst d\u00fczeyde \u00f6nem ta\u015f\u0131d\u0131\u011f\u0131 sistemler i\u00e7in ise iste\u011fe ba\u011fl\u0131 sunulan \u00f6zelle\u015ftirilmi\u015f ve \u015fifreli haberle\u015fme protokolleri, hassas verilerin gizlili\u011fini ve sistem b\u00fct\u00fcnl\u00fc\u011f\u00fcn\u00fc d\u0131\u015f m\u00fcdahalelere kar\u015f\u0131 korur. Bu bataryalar, sadece birer enerji kayna\u011f\u0131 de\u011fil, ayn\u0131 zamanda g\u00f6revin ba\u015far\u0131s\u0131n\u0131 do\u011frudan etkileyen, y\u00fcksek teknolojiye sahip taktik g\u00fc\u00e7 \u00e7\u00f6z\u00fcmleridir. Savunma sanayii projelerinizde g\u00fcvenilir bir teknoloji orta\u011f\u0131 olarak, ihtiya\u00e7lar\u0131n\u0131za \u00f6zel \u00e7\u00f6z\u00fcmler sunmaya haz\u0131r\u0131z.\" data-framer-component-type=\"RichTextContainer\"><p class=\"framer-text\">With our engineering capabilities and deep industry experience, we design and manufacture bespoke energy storage systems for even the most challenging projects. Beyond our standard products, we offer turnkey solutions tailored to your project's specific requirements. You can submit your request to us by following the steps below to bring your project to life with our expert team.<\/p><p class=\"framer-text\">If you have such a request, please contact us immediately by clicking on the \"Create Request\" button below.<\/p><\/div><\/div>\t\t\t\t\t\t\t\t<\/div>\n\t\t\t\t<div class=\"elementor-element elementor-element-f7bf399 elementor-align-justify elementor-widget elementor-widget-button\" data-id=\"f7bf399\" data-element_type=\"widget\" data-widget_type=\"button.default\">\n\t\t\t\t\t\t\t\t\t\t<a class=\"elementor-button elementor-button-link elementor-size-sm\" href=\"https:\/\/enavoltenergy.com\/en\/contact\/#form\">\n\t\t\t\t\t\t<span class=\"elementor-button-content-wrapper\">\n\t\t\t\t\t\t\t\t\t<span class=\"elementor-button-text\">Create a Request<\/span>\n\t\t\t\t\t<\/span>\n\t\t\t\t\t<\/a>\n\t\t\t\t\t\t\t\t<\/div>\n\t\t\t\t\t<\/div>\n\t\t\t\t<\/div>\n\t\t\t\t<\/div>","protected":false},"excerpt":{"rendered":"<p>Ana Sayfa T\u00fcm\u00fc Y\u00fcksek Gerilim Bataryalar\u0131 Ev Tipi Enerji Depolama Sitemi Askeri Bataryalar \/ \u00d6zel Tasar\u0131m ve \u00dcretim \u00c7\u00f6z\u00fcmleri Marin \/ Solar Bataryalar End\u00fcstriyel Ara\u00e7 Bataryalar\u0131 Enavolt Enerji olarak, askeri uygulamalar\u0131n gerektirdi\u011fi y\u00fcksek dayan\u0131kl\u0131l\u0131k, g\u00fcvenilirlik ve performans standartlar\u0131n\u0131 kar\u015f\u0131layan batarya \u00e7\u00f6z\u00fcmlerini tamamen m\u00fc\u015fteri taleplerine g\u00f6re tasarl\u0131yor ve \u00fcretiyoruz. Tek tip \u00fcr\u00fcn yerine, her proje i\u00e7in [&hellip;]<\/p>","protected":false},"author":1,"featured_media":0,"parent":264,"menu_order":0,"comment_status":"closed","ping_status":"closed","template":"","meta":{"footnotes":""},"class_list":["post-290","page","type-page","status-publish","hentry"],"_links":{"self":[{"href":"https:\/\/enavoltenergy.com\/en\/wp-json\/wp\/v2\/pages\/290","targetHints":{"allow":["GET"]}}],"collection":[{"href":"https:\/\/enavoltenergy.com\/en\/wp-json\/wp\/v2\/pages"}],"about":[{"href":"https:\/\/enavoltenergy.com\/en\/wp-json\/wp\/v2\/types\/page"}],"author":[{"embeddable":true,"href":"https:\/\/enavoltenergy.com\/en\/wp-json\/wp\/v2\/users\/1"}],"replies":[{"embeddable":true,"href":"https:\/\/enavoltenergy.com\/en\/wp-json\/wp\/v2\/comments?post=290"}],"version-history":[{"count":34,"href":"https:\/\/enavoltenergy.com\/en\/wp-json\/wp\/v2\/pages\/290\/revisions"}],"predecessor-version":[{"id":1516,"href":"https:\/\/enavoltenergy.com\/en\/wp-json\/wp\/v2\/pages\/290\/revisions\/1516"}],"up":[{"embeddable":true,"href":"https:\/\/enavoltenergy.com\/en\/wp-json\/wp\/v2\/pages\/264"}],"wp:attachment":[{"href":"https:\/\/enavoltenergy.com\/en\/wp-json\/wp\/v2\/media?parent=290"}],"curies":[{"name":"wp","href":"https:\/\/api.w.org\/{rel}","templated":true}]}}