{"id":289,"date":"2025-09-07T23:37:00","date_gmt":"2025-09-07T23:37:00","guid":{"rendered":"https:\/\/enavoltenergy.com\/?page_id=289"},"modified":"2025-11-03T20:08:04","modified_gmt":"2025-11-03T20:08:04","slug":"marine-solar-batteries","status":"publish","type":"page","link":"https:\/\/enavoltenergy.com\/en\/our-products\/marine-solar-batteries\/","title":{"rendered":"Marine \/ Solar Batteries"},"content":{"rendered":"<div data-elementor-type=\"wp-page\" data-elementor-id=\"289\" class=\"elementor elementor-289\" data-elementor-settings=\"{&quot;ha_cmc_init_switcher&quot;:&quot;no&quot;}\" data-elementor-post-type=\"page\">\n\t\t\t\t<div data-ha-partstyle=\"nasa\" data-ha-partcolor=\"#08A89E\" data-ha-partopacity=\"\" data-ha-partdirection=\"bottom\" class=\"elementor-element elementor-element-41f0ad47 ha-particle-yes e-flex e-con-boxed ha-particle-adv-no e-con e-parent\" data-id=\"41f0ad47\" data-element_type=\"container\" data-settings=\"{&quot;background_background&quot;:&quot;classic&quot;,&quot;_ha_eqh_enable&quot;:false}\">\n\t\t\t\t\t<div class=\"e-con-inner\">\n\t\t<div class=\"elementor-element elementor-element-64c922fb e-con-full e-flex e-con e-child\" data-id=\"64c922fb\" data-element_type=\"container\" data-settings=\"{&quot;_ha_eqh_enable&quot;:false}\">\n\t\t\t\t<div class=\"elementor-element elementor-element-5cad0ea5 elementor-icon-list--layout-inline elementor-align-center elementor-list-item-link-full_width elementor-widget elementor-widget-icon-list\" data-id=\"5cad0ea5\" data-element_type=\"widget\" data-widget_type=\"icon-list.default\">\n\t\t\t\t\t\t\t<ul class=\"elementor-icon-list-items elementor-inline-items\">\n\t\t\t\t\t\t\t<li class=\"elementor-icon-list-item elementor-inline-item\">\n\t\t\t\t\t\t\t\t\t\t\t<a href=\"https:\/\/enavoltenergy.com\/en\">\n\n\t\t\t\t\t\t\t\t\t\t\t<span class=\"elementor-icon-list-text\">Home<\/span>\n\t\t\t\t\t\t\t\t\t\t\t<\/a>\n\t\t\t\t\t\t\t\t\t<\/li>\n\t\t\t\t\t\t<\/ul>\n\t\t\t\t\t\t<\/div>\n\t\t\t\t<div class=\"elementor-element elementor-element-41f102be elementor-icon-list--layout-inline elementor-align-center elementor-list-item-link-full_width elementor-widget elementor-widget-icon-list\" data-id=\"41f102be\" data-element_type=\"widget\" data-widget_type=\"icon-list.default\">\n\t\t\t\t\t\t\t<ul class=\"elementor-icon-list-items elementor-inline-items\">\n\t\t\t\t\t\t\t<li class=\"elementor-icon-list-item elementor-inline-item\">\n\t\t\t\t\t\t\t\t\t\t\t<a href=\"https:\/\/enavoltenergy.com\/en\/our-products\/marine-solar-batteries\/\">\n\n\t\t\t\t\t\t\t\t\t\t\t\t<span class=\"elementor-icon-list-icon\">\n\t\t\t\t\t\t\t<svg aria-hidden=\"true\" class=\"e-font-icon-svg e-fas-chevron-right\" viewbox=\"0 0 320 512\" xmlns=\"http:\/\/www.w3.org\/2000\/svg\"><path d=\"M285.476 272.971L91.132 467.314c-9.373 9.373-24.569 9.373-33.941 0l-22.667-22.667c-9.357-9.357-9.375-24.522-.04-33.901L188.505 256 34.484 101.255c-9.335-9.379-9.317-24.544.04-33.901l22.667-22.667c9.373-9.373 24.569-9.373 33.941 0L285.475 239.03c9.373 9.372 9.373 24.568.001 33.941z\"><\/path><\/svg>\t\t\t\t\t\t<\/span>\n\t\t\t\t\t\t\t\t\t\t<span class=\"elementor-icon-list-text\">Marine \/ Solar Batteries<\/span>\n\t\t\t\t\t\t\t\t\t\t\t<\/a>\n\t\t\t\t\t\t\t\t\t<\/li>\n\t\t\t\t\t\t<\/ul>\n\t\t\t\t\t\t<\/div>\n\t\t\t\t<\/div>\n\t\t<div class=\"elementor-element elementor-element-7c01650d e-con-full e-flex e-con e-child\" data-id=\"7c01650d\" data-element_type=\"container\" data-settings=\"{&quot;_ha_eqh_enable&quot;:false}\">\n\t\t\t\t<div class=\"elementor-element elementor-element-32a2aca9 elementor-widget__width-auto elementor-invisible elementor-widget elementor-widget-heading\" data-id=\"32a2aca9\" data-element_type=\"widget\" data-settings=\"{&quot;_animation&quot;:&quot;fadeIn&quot;,&quot;_animation_delay&quot;:300}\" data-widget_type=\"heading.default\">\n\t\t\t\t\t<h1 class=\"elementor-heading-title elementor-size-default\">Marine \/ Solar Batteries<\/h1>\t\t\t\t<\/div>\n\t\t\t\t<\/div>\n\t\t\t\t\t<\/div>\n\t\t\t\t<\/div>\n\t\t<div class=\"elementor-element elementor-element-3cfd9325 e-flex e-con-boxed e-con e-parent\" data-id=\"3cfd9325\" data-element_type=\"container\" data-settings=\"{&quot;_ha_eqh_enable&quot;:false}\">\n\t\t\t\t\t<div class=\"e-con-inner\">\n\t\t\t\t<div class=\"elementor-element elementor-element-785486ad elementor-widget__width-auto elementor-widget elementor-widget-ha-creative-button happy-addon ha-creative-button\" data-id=\"785486ad\" data-element_type=\"widget\" data-widget_type=\"ha-creative-button.default\">\n\t\t\t\t\t\t\t<div data-magnetic=\"no\" class=\"ha-creative-btn-wrap\">\n\t\t\t<a class=\"ha-creative-btn ha-stl--hermosa ha-eft--bloom\" href=\"https:\/\/enavoltenergy.com\/en\/urunlerimiz-2\/\" rel=\"nofollow\"><div><\/div><span>All<\/span><\/a>\n\t\t<\/div>\t\t\t\t<\/div>\n\t\t\t\t<div class=\"elementor-element elementor-element-fccd2e7 elementor-widget__width-auto elementor-widget elementor-widget-ha-creative-button happy-addon ha-creative-button\" data-id=\"fccd2e7\" data-element_type=\"widget\" data-widget_type=\"ha-creative-button.default\">\n\t\t\t\t\t\t\t<div data-magnetic=\"no\" class=\"ha-creative-btn-wrap\">\n\t\t\t<a class=\"ha-creative-btn ha-stl--hermosa ha-eft--bloom\" href=\"https:\/\/enavoltenergy.com\/en\/our-products\/high-voltage-batteries\/\" rel=\"nofollow\"><div><\/div><span>High Voltage Batteries<\/span><\/a>\n\t\t<\/div>\t\t\t\t<\/div>\n\t\t\t\t<div class=\"elementor-element elementor-element-51cde2f5 elementor-widget__width-auto elementor-widget elementor-widget-ha-creative-button happy-addon ha-creative-button\" data-id=\"51cde2f5\" data-element_type=\"widget\" data-widget_type=\"ha-creative-button.default\">\n\t\t\t\t\t\t\t<div data-magnetic=\"no\" class=\"ha-creative-btn-wrap\">\n\t\t\t<a class=\"ha-creative-btn ha-stl--hermosa ha-eft--bloom\" href=\"https:\/\/enavoltenergy.com\/en\/our-products\/residential-energy-storage-system\/\" rel=\"nofollow\"><div><\/div><span>Residential Energy Storage System<\/span><\/a>\n\t\t<\/div>\t\t\t\t<\/div>\n\t\t\t\t<div class=\"elementor-element elementor-element-6b2ecbf8 elementor-widget__width-auto elementor-widget elementor-widget-ha-creative-button happy-addon ha-creative-button\" data-id=\"6b2ecbf8\" data-element_type=\"widget\" data-widget_type=\"ha-creative-button.default\">\n\t\t\t\t\t\t\t<div data-magnetic=\"no\" class=\"ha-creative-btn-wrap\">\n\t\t\t<a class=\"ha-creative-btn ha-stl--hermosa ha-eft--bloom\" href=\"https:\/\/enavoltenergy.com\/en\/our-products\/military-battery-systems\/\" rel=\"nofollow\"><div><\/div><span>Military Batteries \/   Custom Design and Manufacturing Solutions<\/span><\/a>\n\t\t<\/div>\t\t\t\t<\/div>\n\t\t\t\t\t<\/div>\n\t\t\t\t<\/div>\n\t\t<div class=\"elementor-element elementor-element-4dfb7e09 e-flex e-con-boxed e-con e-parent\" data-id=\"4dfb7e09\" data-element_type=\"container\" data-settings=\"{&quot;_ha_eqh_enable&quot;:false}\">\n\t\t\t\t\t<div class=\"e-con-inner\">\n\t\t\t\t<div class=\"elementor-element elementor-element-7020801e elementor-widget__width-auto elementor-widget elementor-widget-ha-creative-button happy-addon ha-creative-button\" data-id=\"7020801e\" data-element_type=\"widget\" data-widget_type=\"ha-creative-button.default\">\n\t\t\t\t\t\t\t<div data-magnetic=\"no\" class=\"ha-creative-btn-wrap\">\n\t\t\t<a class=\"ha-creative-btn ha-stl--hermosa ha-eft--bloom\" href=\"https:\/\/enavoltenergy.com\/en\/our-products\/marine-solar-batteries\/\" rel=\"nofollow\"><div><\/div><span>Marine \/ Solar Batteries<\/span><\/a>\n\t\t<\/div>\t\t\t\t<\/div>\n\t\t\t\t<div class=\"elementor-element elementor-element-4a7b5bd4 elementor-widget__width-auto elementor-widget elementor-widget-ha-creative-button happy-addon ha-creative-button\" data-id=\"4a7b5bd4\" data-element_type=\"widget\" data-widget_type=\"ha-creative-button.default\">\n\t\t\t\t\t\t\t<div data-magnetic=\"no\" class=\"ha-creative-btn-wrap\">\n\t\t\t<a class=\"ha-creative-btn ha-stl--hermosa ha-eft--bloom\" href=\"https:\/\/enavoltenergy.com\/en\/our-products\/industrial-vehicle-batteries\/\" rel=\"nofollow\"><div><\/div><span>Industrial Vehicle Batteries<\/span><\/a>\n\t\t<\/div>\t\t\t\t<\/div>\n\t\t\t\t\t<\/div>\n\t\t\t\t<\/div>\n\t\t<div class=\"elementor-element elementor-element-4487ca29 e-flex e-con-boxed e-con e-parent\" data-id=\"4487ca29\" data-element_type=\"container\" data-settings=\"{&quot;_ha_eqh_enable&quot;:false}\">\n\t\t\t\t\t<div class=\"e-con-inner\">\n\t\t<div class=\"elementor-element elementor-element-1d69a0da e-con-full e-flex e-con e-child\" data-id=\"1d69a0da\" data-element_type=\"container\" data-settings=\"{&quot;_ha_eqh_enable&quot;:false}\">\n\t\t\t\t<div class=\"elementor-element elementor-element-7daeb88d ha-has-bg-overlay elementor-widget elementor-widget-image\" data-id=\"7daeb88d\" data-element_type=\"widget\" data-widget_type=\"image.default\">\n\t\t\t\t\t\t\t\t\t\t\t\t\t\t\t<img fetchpriority=\"high\" decoding=\"async\" width=\"800\" height=\"800\" src=\"https:\/\/enavoltenergy.com\/wp-content\/uploads\/2025\/09\/kj9w0YdpuqhmorumsQFNMioLKks.avif\" class=\"attachment-large size-large wp-image-426\" alt=\"\" srcset=\"https:\/\/enavoltenergy.com\/wp-content\/uploads\/2025\/09\/kj9w0YdpuqhmorumsQFNMioLKks.avif 1024w, https:\/\/enavoltenergy.com\/wp-content\/uploads\/2025\/09\/kj9w0YdpuqhmorumsQFNMioLKks-300x300.avif 300w, https:\/\/enavoltenergy.com\/wp-content\/uploads\/2025\/09\/kj9w0YdpuqhmorumsQFNMioLKks-150x150.avif 150w, https:\/\/enavoltenergy.com\/wp-content\/uploads\/2025\/09\/kj9w0YdpuqhmorumsQFNMioLKks-768x768.avif 768w, https:\/\/enavoltenergy.com\/wp-content\/uploads\/2025\/09\/kj9w0YdpuqhmorumsQFNMioLKks-700x700.avif 700w\" sizes=\"(max-width: 800px) 100vw, 800px\" \/>\t\t\t\t\t\t\t\t\t\t\t\t\t\t\t<\/div>\n\t\t\t\t<div class=\"elementor-element elementor-element-5677ab7a elementor-widget elementor-widget-ha-creative-button happy-addon ha-creative-button\" data-id=\"5677ab7a\" data-element_type=\"widget\" data-widget_type=\"ha-creative-button.default\">\n\t\t\t\t\t\t\t<div data-magnetic=\"no\" class=\"ha-creative-btn-wrap\">\n\t\t\t<a class=\"ha-creative-btn ha-stl--hermosa ha-eft--downhill\" href=\"https:\/\/enavoltenergy.com\/en\/our-products\/marine-solar-batteries\/12v-100ah-lifepo4-bluetooth-battery\/\" rel=\"nofollow\"><span><span>MARINE \/ SOLAR<\/span><\/span><\/a>\n\t\t<\/div>\t\t\t\t<\/div>\n\t\t\t\t<div class=\"elementor-element elementor-element-5bcfd60 elementor-widget__width-inherit elementor-invisible elementor-widget elementor-widget-heading\" data-id=\"5bcfd60\" data-element_type=\"widget\" data-settings=\"{&quot;_animation&quot;:&quot;fadeIn&quot;,&quot;_animation_delay&quot;:300}\" data-widget_type=\"heading.default\">\n\t\t\t\t\t<h2 class=\"elementor-heading-title elementor-size-default\">12V 100Ah LiFePO4 BLUETOOTH BATTERY\n<\/h2>\t\t\t\t<\/div>\n\t\t\t\t<div class=\"elementor-element elementor-element-1434794d elementor-widget__width-inherit elementor-invisible elementor-widget elementor-widget-text-editor\" data-id=\"1434794d\" data-element_type=\"widget\" data-settings=\"{&quot;_animation&quot;:&quot;fadeIn&quot;,&quot;_animation_delay&quot;:400}\" data-widget_type=\"text-editor.default\">\n\t\t\t\t\t\t\t\t\tThis 12V battery with smart monitoring provides reliable power for marine and off-grid applications with IP65 protection.\t\t\t\t\t\t\t\t<\/div>\n\t\t\t\t<div class=\"elementor-element elementor-element-1e5f997 elementor-widget__width-auto elementor-widget elementor-widget-ha-creative-button happy-addon ha-creative-button\" data-id=\"1e5f997\" data-element_type=\"widget\" data-widget_type=\"ha-creative-button.default\">\n\t\t\t\t\t\t\t<div data-magnetic=\"no\" class=\"ha-creative-btn-wrap\">\n\t\t\t<a class=\"ha-creative-btn ha-stl--hermosa ha-eft--bloom\" href=\"https:\/\/enavoltenergy.com\/en\/our-products\/marine-solar-batteries\/12v-100ah-lifepo4-bluetooth-battery\/\" rel=\"nofollow\"><div><\/div><span>REVIEW<\/span><\/a>\n\t\t<\/div>\t\t\t\t<\/div>\n\t\t\t\t<\/div>\n\t\t<div class=\"elementor-element elementor-element-2f6cd30a e-con-full e-flex e-con e-child\" data-id=\"2f6cd30a\" data-element_type=\"container\" data-settings=\"{&quot;_ha_eqh_enable&quot;:false}\">\n\t\t\t\t<div class=\"elementor-element elementor-element-566db044 ha-has-bg-overlay elementor-widget elementor-widget-image\" data-id=\"566db044\" data-element_type=\"widget\" data-widget_type=\"image.default\">\n\t\t\t\t\t\t\t\t\t\t\t\t\t\t\t<img decoding=\"async\" width=\"800\" height=\"800\" src=\"https:\/\/enavoltenergy.com\/wp-content\/uploads\/2025\/09\/xTDo1s7vXYy2paTEO3zbyZbk.webp\" class=\"attachment-large size-large wp-image-433\" alt=\"\" srcset=\"https:\/\/enavoltenergy.com\/wp-content\/uploads\/2025\/09\/xTDo1s7vXYy2paTEO3zbyZbk.webp 1024w, https:\/\/enavoltenergy.com\/wp-content\/uploads\/2025\/09\/xTDo1s7vXYy2paTEO3zbyZbk-300x300.webp 300w, https:\/\/enavoltenergy.com\/wp-content\/uploads\/2025\/09\/xTDo1s7vXYy2paTEO3zbyZbk-150x150.webp 150w, https:\/\/enavoltenergy.com\/wp-content\/uploads\/2025\/09\/xTDo1s7vXYy2paTEO3zbyZbk-768x768.webp 768w, https:\/\/enavoltenergy.com\/wp-content\/uploads\/2025\/09\/xTDo1s7vXYy2paTEO3zbyZbk-700x700.webp 700w\" sizes=\"(max-width: 800px) 100vw, 800px\" \/>\t\t\t\t\t\t\t\t\t\t\t\t\t\t\t<\/div>\n\t\t\t\t<div class=\"elementor-element elementor-element-2ab1e2e1 elementor-widget elementor-widget-ha-creative-button happy-addon ha-creative-button\" data-id=\"2ab1e2e1\" data-element_type=\"widget\" data-widget_type=\"ha-creative-button.default\">\n\t\t\t\t\t\t\t<div data-magnetic=\"no\" class=\"ha-creative-btn-wrap\">\n\t\t\t<a class=\"ha-creative-btn ha-stl--hermosa ha-eft--downhill\" href=\"https:\/\/enavoltenergy.com\/en\/our-products\/marine-solar-batteries\/12v-200ah-lifepo4-bluetooth-battery\/\" rel=\"nofollow\"><span><span>MARINE \/ SOLAR<\/span><\/span><\/a>\n\t\t<\/div>\t\t\t\t<\/div>\n\t\t\t\t<div class=\"elementor-element elementor-element-7381e27b elementor-widget__width-inherit elementor-invisible elementor-widget elementor-widget-heading\" data-id=\"7381e27b\" data-element_type=\"widget\" data-settings=\"{&quot;_animation&quot;:&quot;fadeIn&quot;,&quot;_animation_delay&quot;:300}\" data-widget_type=\"heading.default\">\n\t\t\t\t\t<h2 class=\"elementor-heading-title elementor-size-default\">12V 200Ah LiFePO4 BLUETOOTH BATTERY\n<\/h2>\t\t\t\t<\/div>\n\t\t\t\t<div class=\"elementor-element elementor-element-f7445b4 elementor-widget__width-inherit elementor-invisible elementor-widget elementor-widget-text-editor\" data-id=\"f7445b4\" data-element_type=\"widget\" data-settings=\"{&quot;_animation&quot;:&quot;fadeIn&quot;,&quot;_animation_delay&quot;:400}\" data-widget_type=\"text-editor.default\">\n\t\t\t\t\t\t\t\t\tThe 12V LiFePO\u2084 system offers smart energy management with a 200Ah capacity and CAN\/RS485 communication support.\t\t\t\t\t\t\t\t<\/div>\n\t\t\t\t<div class=\"elementor-element elementor-element-53040dd8 elementor-widget__width-auto elementor-widget elementor-widget-ha-creative-button happy-addon ha-creative-button\" data-id=\"53040dd8\" data-element_type=\"widget\" data-widget_type=\"ha-creative-button.default\">\n\t\t\t\t\t\t\t<div data-magnetic=\"no\" class=\"ha-creative-btn-wrap\">\n\t\t\t<a class=\"ha-creative-btn ha-stl--hermosa ha-eft--bloom\" href=\"https:\/\/enavoltenergy.com\/en\/our-products\/marine-solar-batteries\/12v-200ah-lifepo4-bluetooth-battery\/\" rel=\"nofollow\"><div><\/div><span>REVIEW<\/span><\/a>\n\t\t<\/div>\t\t\t\t<\/div>\n\t\t\t\t<\/div>\n\t\t<div class=\"elementor-element elementor-element-18c8476b e-con-full e-flex e-con e-child\" data-id=\"18c8476b\" data-element_type=\"container\" data-settings=\"{&quot;_ha_eqh_enable&quot;:false}\">\n\t\t\t\t<div class=\"elementor-element elementor-element-402f2e73 ha-has-bg-overlay elementor-widget elementor-widget-image\" data-id=\"402f2e73\" data-element_type=\"widget\" data-widget_type=\"image.default\">\n\t\t\t\t\t\t\t\t\t\t\t\t\t\t\t<img decoding=\"async\" width=\"800\" height=\"800\" src=\"https:\/\/enavoltenergy.com\/wp-content\/uploads\/2025\/09\/vBiMDlQxvYG4gEZa9hTSPf0Cs.webp\" class=\"attachment-large size-large wp-image-439\" alt=\"\" srcset=\"https:\/\/enavoltenergy.com\/wp-content\/uploads\/2025\/09\/vBiMDlQxvYG4gEZa9hTSPf0Cs.webp 1024w, https:\/\/enavoltenergy.com\/wp-content\/uploads\/2025\/09\/vBiMDlQxvYG4gEZa9hTSPf0Cs-300x300.webp 300w, https:\/\/enavoltenergy.com\/wp-content\/uploads\/2025\/09\/vBiMDlQxvYG4gEZa9hTSPf0Cs-150x150.webp 150w, https:\/\/enavoltenergy.com\/wp-content\/uploads\/2025\/09\/vBiMDlQxvYG4gEZa9hTSPf0Cs-768x768.webp 768w, https:\/\/enavoltenergy.com\/wp-content\/uploads\/2025\/09\/vBiMDlQxvYG4gEZa9hTSPf0Cs-700x700.webp 700w\" sizes=\"(max-width: 800px) 100vw, 800px\" \/>\t\t\t\t\t\t\t\t\t\t\t\t\t\t\t<\/div>\n\t\t\t\t<div class=\"elementor-element elementor-element-5284cb3d elementor-widget elementor-widget-ha-creative-button happy-addon ha-creative-button\" data-id=\"5284cb3d\" data-element_type=\"widget\" data-widget_type=\"ha-creative-button.default\">\n\t\t\t\t\t\t\t<div data-magnetic=\"no\" class=\"ha-creative-btn-wrap\">\n\t\t\t<a class=\"ha-creative-btn ha-stl--hermosa ha-eft--downhill\" href=\"https:\/\/enavoltenergy.com\/en\/our-products\/marine-solar-batteries\/24v-100ah-lifepo4-bluetooth-battery\/\" rel=\"nofollow\"><span><span>MARINE \/ SOLAR<\/span><\/span><\/a>\n\t\t<\/div>\t\t\t\t<\/div>\n\t\t\t\t<div class=\"elementor-element elementor-element-3841c61a elementor-widget__width-inherit elementor-invisible elementor-widget elementor-widget-heading\" data-id=\"3841c61a\" data-element_type=\"widget\" data-settings=\"{&quot;_animation&quot;:&quot;fadeIn&quot;,&quot;_animation_delay&quot;:300}\" data-widget_type=\"heading.default\">\n\t\t\t\t\t<h2 class=\"elementor-heading-title elementor-size-default\">24V 100Ah LiFePO4 BLUETOOTH BATTERY\n<\/h2>\t\t\t\t<\/div>\n\t\t\t\t<div class=\"elementor-element elementor-element-41d67ba3 elementor-widget__width-inherit elementor-invisible elementor-widget elementor-widget-text-editor\" data-id=\"41d67ba3\" data-element_type=\"widget\" data-settings=\"{&quot;_animation&quot;:&quot;fadeIn&quot;,&quot;_animation_delay&quot;:400}\" data-widget_type=\"text-editor.default\">\n\t\t\t\t\t\t\t\t\t24V LiFePO\u2084 battery; suitable for harsh environments with Bluetooth monitoring, IP65 protection and 100A output support.\t\t\t\t\t\t\t\t<\/div>\n\t\t\t\t<div class=\"elementor-element elementor-element-217e6e1a elementor-widget__width-auto elementor-widget elementor-widget-ha-creative-button happy-addon ha-creative-button\" data-id=\"217e6e1a\" data-element_type=\"widget\" data-widget_type=\"ha-creative-button.default\">\n\t\t\t\t\t\t\t<div data-magnetic=\"no\" class=\"ha-creative-btn-wrap\">\n\t\t\t<a class=\"ha-creative-btn ha-stl--hermosa ha-eft--bloom\" href=\"https:\/\/enavoltenergy.com\/en\/our-products\/marine-solar-batteries\/24v-100ah-lifepo4-bluetooth-battery\/\" rel=\"nofollow\"><div><\/div><span>REVIEW<\/span><\/a>\n\t\t<\/div>\t\t\t\t<\/div>\n\t\t\t\t<\/div>\n\t\t\t\t\t<\/div>\n\t\t\t\t<\/div>\n\t\t\t\t<\/div>","protected":false},"excerpt":{"rendered":"<p>Ana Sayfa T\u00fcm\u00fc Y\u00fcksek Gerilim Bataryalar\u0131 Ev Tipi Enerji Depolama Sitemi Askeri Bataryalar \/ \u00d6zel Tasar\u0131m ve \u00dcretim \u00c7\u00f6z\u00fcmleri Marin \/ Solar Bataryalar End\u00fcstriyel Ara\u00e7 Bataryalar\u0131 MAR\u0130N \/ SOLAR 12V 100Ah LiFePO4 BLUETOOTH BATARYA Ak\u0131ll\u0131 izleme destekli bu 12V batarya, IP65 korumas\u0131yla marin ve off-grid uygulamalara dayan\u0131kl\u0131 g\u00fc\u00e7 sunar. \u0130NCELE MAR\u0130N \/ SOLAR 12V 200Ah [&hellip;]<\/p>","protected":false},"author":1,"featured_media":0,"parent":264,"menu_order":0,"comment_status":"closed","ping_status":"closed","template":"","meta":{"footnotes":""},"class_list":["post-289","page","type-page","status-publish","hentry"],"_links":{"self":[{"href":"https:\/\/enavoltenergy.com\/en\/wp-json\/wp\/v2\/pages\/289","targetHints":{"allow":["GET"]}}],"collection":[{"href":"https:\/\/enavoltenergy.com\/en\/wp-json\/wp\/v2\/pages"}],"about":[{"href":"https:\/\/enavoltenergy.com\/en\/wp-json\/wp\/v2\/types\/page"}],"author":[{"embeddable":true,"href":"https:\/\/enavoltenergy.com\/en\/wp-json\/wp\/v2\/users\/1"}],"replies":[{"embeddable":true,"href":"https:\/\/enavoltenergy.com\/en\/wp-json\/wp\/v2\/comments?post=289"}],"version-history":[{"count":43,"href":"https:\/\/enavoltenergy.com\/en\/wp-json\/wp\/v2\/pages\/289\/revisions"}],"predecessor-version":[{"id":1816,"href":"https:\/\/enavoltenergy.com\/en\/wp-json\/wp\/v2\/pages\/289\/revisions\/1816"}],"up":[{"embeddable":true,"href":"https:\/\/enavoltenergy.com\/en\/wp-json\/wp\/v2\/pages\/264"}],"wp:attachment":[{"href":"https:\/\/enavoltenergy.com\/en\/wp-json\/wp\/v2\/media?parent=289"}],"curies":[{"name":"wp","href":"https:\/\/api.w.org\/{rel}","templated":true}]}}