{"id":280,"date":"2025-09-07T23:22:35","date_gmt":"2025-09-07T23:22:35","guid":{"rendered":"https:\/\/enavoltenergy.com\/?page_id=280"},"modified":"2025-11-03T20:10:26","modified_gmt":"2025-11-03T20:10:26","slug":"high-voltage-batteries","status":"publish","type":"page","link":"https:\/\/enavoltenergy.com\/en\/our-products\/high-voltage-batteries\/","title":{"rendered":"High Voltage Batteries"},"content":{"rendered":"<div data-elementor-type=\"wp-page\" data-elementor-id=\"280\" class=\"elementor elementor-280\" data-elementor-settings=\"{&quot;ha_cmc_init_switcher&quot;:&quot;no&quot;}\" data-elementor-post-type=\"page\">\n\t\t\t\t<div data-ha-partstyle=\"nasa\" data-ha-partcolor=\"#08A89E\" data-ha-partopacity=\"\" data-ha-partdirection=\"bottom\" class=\"elementor-element elementor-element-314c56fc ha-particle-yes e-flex e-con-boxed ha-particle-adv-no e-con e-parent\" data-id=\"314c56fc\" data-element_type=\"container\" data-settings=\"{&quot;background_background&quot;:&quot;classic&quot;,&quot;_ha_eqh_enable&quot;:false}\">\n\t\t\t\t\t<div class=\"e-con-inner\">\n\t\t<div class=\"elementor-element elementor-element-1e956a04 e-con-full e-flex e-con e-child\" data-id=\"1e956a04\" data-element_type=\"container\" data-settings=\"{&quot;_ha_eqh_enable&quot;:false}\">\n\t\t\t\t<div class=\"elementor-element elementor-element-188a9b40 elementor-icon-list--layout-inline elementor-align-center elementor-list-item-link-full_width elementor-widget elementor-widget-icon-list\" data-id=\"188a9b40\" data-element_type=\"widget\" data-widget_type=\"icon-list.default\">\n\t\t\t\t\t\t\t<ul class=\"elementor-icon-list-items elementor-inline-items\">\n\t\t\t\t\t\t\t<li class=\"elementor-icon-list-item elementor-inline-item\">\n\t\t\t\t\t\t\t\t\t\t\t<a href=\"https:\/\/enavoltenergy.com\/en\">\n\n\t\t\t\t\t\t\t\t\t\t\t<span class=\"elementor-icon-list-text\">Home<\/span>\n\t\t\t\t\t\t\t\t\t\t\t<\/a>\n\t\t\t\t\t\t\t\t\t<\/li>\n\t\t\t\t\t\t<\/ul>\n\t\t\t\t\t\t<\/div>\n\t\t\t\t<div class=\"elementor-element elementor-element-4f28eb2d elementor-icon-list--layout-inline elementor-align-center elementor-list-item-link-full_width elementor-widget elementor-widget-icon-list\" data-id=\"4f28eb2d\" data-element_type=\"widget\" data-widget_type=\"icon-list.default\">\n\t\t\t\t\t\t\t<ul class=\"elementor-icon-list-items elementor-inline-items\">\n\t\t\t\t\t\t\t<li class=\"elementor-icon-list-item elementor-inline-item\">\n\t\t\t\t\t\t\t\t\t\t\t<a href=\"https:\/\/enavoltenergy.com\/en\/our-products\/high-voltage-batteries\/\">\n\n\t\t\t\t\t\t\t\t\t\t\t\t<span class=\"elementor-icon-list-icon\">\n\t\t\t\t\t\t\t<svg aria-hidden=\"true\" class=\"e-font-icon-svg e-fas-chevron-right\" viewbox=\"0 0 320 512\" xmlns=\"http:\/\/www.w3.org\/2000\/svg\"><path d=\"M285.476 272.971L91.132 467.314c-9.373 9.373-24.569 9.373-33.941 0l-22.667-22.667c-9.357-9.357-9.375-24.522-.04-33.901L188.505 256 34.484 101.255c-9.335-9.379-9.317-24.544.04-33.901l22.667-22.667c9.373-9.373 24.569-9.373 33.941 0L285.475 239.03c9.373 9.372 9.373 24.568.001 33.941z\"><\/path><\/svg>\t\t\t\t\t\t<\/span>\n\t\t\t\t\t\t\t\t\t\t<span class=\"elementor-icon-list-text\">High Voltage Batteries<\/span>\n\t\t\t\t\t\t\t\t\t\t\t<\/a>\n\t\t\t\t\t\t\t\t\t<\/li>\n\t\t\t\t\t\t<\/ul>\n\t\t\t\t\t\t<\/div>\n\t\t\t\t<\/div>\n\t\t<div class=\"elementor-element elementor-element-54fc06a1 e-con-full e-flex e-con e-child\" data-id=\"54fc06a1\" data-element_type=\"container\" data-settings=\"{&quot;_ha_eqh_enable&quot;:false}\">\n\t\t\t\t<div class=\"elementor-element elementor-element-7f495933 elementor-widget__width-auto elementor-invisible elementor-widget elementor-widget-heading\" data-id=\"7f495933\" data-element_type=\"widget\" data-settings=\"{&quot;_animation&quot;:&quot;fadeIn&quot;,&quot;_animation_delay&quot;:300}\" data-widget_type=\"heading.default\">\n\t\t\t\t\t<h1 class=\"elementor-heading-title elementor-size-default\">High Voltage Batteries<\/h1>\t\t\t\t<\/div>\n\t\t\t\t<\/div>\n\t\t\t\t\t<\/div>\n\t\t\t\t<\/div>\n\t\t<div class=\"elementor-element elementor-element-c2b2aee e-flex e-con-boxed e-con e-parent\" data-id=\"c2b2aee\" data-element_type=\"container\" data-settings=\"{&quot;_ha_eqh_enable&quot;:false}\">\n\t\t\t\t\t<div class=\"e-con-inner\">\n\t\t\t\t<div class=\"elementor-element elementor-element-408cf32 elementor-widget__width-auto elementor-widget elementor-widget-ha-creative-button happy-addon ha-creative-button\" data-id=\"408cf32\" data-element_type=\"widget\" data-widget_type=\"ha-creative-button.default\">\n\t\t\t\t\t\t\t<div data-magnetic=\"no\" class=\"ha-creative-btn-wrap\">\n\t\t\t<a class=\"ha-creative-btn ha-stl--hermosa ha-eft--bloom\" href=\"https:\/\/enavoltenergy.com\/en\/urunlerimiz-2\/\" rel=\"nofollow\"><div><\/div><span>All<\/span><\/a>\n\t\t<\/div>\t\t\t\t<\/div>\n\t\t\t\t<div class=\"elementor-element elementor-element-4d7fec91 elementor-widget__width-auto elementor-widget elementor-widget-ha-creative-button happy-addon ha-creative-button\" data-id=\"4d7fec91\" data-element_type=\"widget\" data-widget_type=\"ha-creative-button.default\">\n\t\t\t\t\t\t\t<div data-magnetic=\"no\" class=\"ha-creative-btn-wrap\">\n\t\t\t<a class=\"ha-creative-btn ha-stl--hermosa ha-eft--bloom\" href=\"https:\/\/enavoltenergy.com\/en\/our-products\/high-voltage-batteries\/\" rel=\"nofollow\"><div><\/div><span>High Voltage Batteries<\/span><\/a>\n\t\t<\/div>\t\t\t\t<\/div>\n\t\t\t\t<div class=\"elementor-element elementor-element-63829a61 elementor-widget__width-auto elementor-widget elementor-widget-ha-creative-button happy-addon ha-creative-button\" data-id=\"63829a61\" data-element_type=\"widget\" data-widget_type=\"ha-creative-button.default\">\n\t\t\t\t\t\t\t<div data-magnetic=\"no\" class=\"ha-creative-btn-wrap\">\n\t\t\t<a class=\"ha-creative-btn ha-stl--hermosa ha-eft--bloom\" href=\"https:\/\/enavoltenergy.com\/en\/our-products\/residential-energy-storage-system\/\" rel=\"nofollow\"><div><\/div><span>Residential Energy Storage System<\/span><\/a>\n\t\t<\/div>\t\t\t\t<\/div>\n\t\t\t\t<div class=\"elementor-element elementor-element-d0240ac elementor-widget__width-auto elementor-widget elementor-widget-ha-creative-button happy-addon ha-creative-button\" data-id=\"d0240ac\" data-element_type=\"widget\" data-widget_type=\"ha-creative-button.default\">\n\t\t\t\t\t\t\t<div data-magnetic=\"no\" class=\"ha-creative-btn-wrap\">\n\t\t\t<a class=\"ha-creative-btn ha-stl--hermosa ha-eft--bloom\" href=\"https:\/\/enavoltenergy.com\/en\/our-products\/military-battery-systems\/\" rel=\"nofollow\"><div><\/div><span>Military Batteries \/   Custom Design and Manufacturing Solutions<\/span><\/a>\n\t\t<\/div>\t\t\t\t<\/div>\n\t\t\t\t\t<\/div>\n\t\t\t\t<\/div>\n\t\t<div class=\"elementor-element elementor-element-6b32ad5c e-flex e-con-boxed e-con e-parent\" data-id=\"6b32ad5c\" data-element_type=\"container\" data-settings=\"{&quot;_ha_eqh_enable&quot;:false}\">\n\t\t\t\t\t<div class=\"e-con-inner\">\n\t\t\t\t<div class=\"elementor-element elementor-element-c185549 elementor-widget__width-auto elementor-widget elementor-widget-ha-creative-button happy-addon ha-creative-button\" data-id=\"c185549\" data-element_type=\"widget\" data-widget_type=\"ha-creative-button.default\">\n\t\t\t\t\t\t\t<div data-magnetic=\"no\" class=\"ha-creative-btn-wrap\">\n\t\t\t<a class=\"ha-creative-btn ha-stl--hermosa ha-eft--bloom\" href=\"https:\/\/enavoltenergy.com\/en\/our-products\/marine-solar-batteries\/\" rel=\"nofollow\"><div><\/div><span>Marine \/ Solar Batteries<\/span><\/a>\n\t\t<\/div>\t\t\t\t<\/div>\n\t\t\t\t<div class=\"elementor-element elementor-element-3a36f821 elementor-widget__width-auto elementor-widget elementor-widget-ha-creative-button happy-addon ha-creative-button\" data-id=\"3a36f821\" data-element_type=\"widget\" data-widget_type=\"ha-creative-button.default\">\n\t\t\t\t\t\t\t<div data-magnetic=\"no\" class=\"ha-creative-btn-wrap\">\n\t\t\t<a class=\"ha-creative-btn ha-stl--hermosa ha-eft--bloom\" href=\"https:\/\/enavoltenergy.com\/en\/our-products\/industrial-vehicle-batteries\/\" rel=\"nofollow\"><div><\/div><span>Industrial Vehicle Batteries<\/span><\/a>\n\t\t<\/div>\t\t\t\t<\/div>\n\t\t\t\t\t<\/div>\n\t\t\t\t<\/div>\n\t\t<div class=\"elementor-element elementor-element-7efee8c0 e-flex e-con-boxed e-con e-parent\" data-id=\"7efee8c0\" data-element_type=\"container\" data-settings=\"{&quot;_ha_eqh_enable&quot;:false}\">\n\t\t\t\t\t<div class=\"e-con-inner\">\n\t\t<div class=\"elementor-element elementor-element-7d979eb7 e-con-full e-flex e-con e-child\" data-id=\"7d979eb7\" data-element_type=\"container\" data-settings=\"{&quot;_ha_eqh_enable&quot;:false}\">\n\t\t\t\t<div class=\"elementor-element elementor-element-136e53a7 ha-has-bg-overlay elementor-widget elementor-widget-image\" data-id=\"136e53a7\" data-element_type=\"widget\" data-widget_type=\"image.default\">\n\t\t\t\t\t\t\t\t\t\t\t\t\t\t\t<img fetchpriority=\"high\" decoding=\"async\" width=\"800\" height=\"926\" src=\"https:\/\/enavoltenergy.com\/wp-content\/uploads\/2025\/09\/rVz3a7HP8cSduhfj9LpyNX2yzxY.avif\" class=\"attachment-large size-large wp-image-349\" alt=\"\" srcset=\"https:\/\/enavoltenergy.com\/wp-content\/uploads\/2025\/09\/rVz3a7HP8cSduhfj9LpyNX2yzxY.avif 885w, https:\/\/enavoltenergy.com\/wp-content\/uploads\/2025\/09\/rVz3a7HP8cSduhfj9LpyNX2yzxY-259x300.avif 259w, https:\/\/enavoltenergy.com\/wp-content\/uploads\/2025\/09\/rVz3a7HP8cSduhfj9LpyNX2yzxY-768x889.avif 768w\" sizes=\"(max-width: 800px) 100vw, 800px\" \/>\t\t\t\t\t\t\t\t\t\t\t\t\t\t\t<\/div>\n\t\t\t\t<div class=\"elementor-element elementor-element-7d04d209 elementor-widget elementor-widget-ha-creative-button happy-addon ha-creative-button\" data-id=\"7d04d209\" data-element_type=\"widget\" data-widget_type=\"ha-creative-button.default\">\n\t\t\t\t\t\t\t<div data-magnetic=\"no\" class=\"ha-creative-btn-wrap\">\n\t\t\t<a class=\"ha-creative-btn ha-stl--hermosa ha-eft--downhill\" href=\"https:\/\/enavoltenergy.com\/en\/our-products\/high-voltage-batteries\/vora-150-kwh-rack-type-energy-storage-system\/\" rel=\"nofollow\"><span><span>HIGH VOLTAGE<\/span><\/span><\/a>\n\t\t<\/div>\t\t\t\t<\/div>\n\t\t\t\t<div class=\"elementor-element elementor-element-155088cf elementor-widget__width-inherit elementor-invisible elementor-widget elementor-widget-heading\" data-id=\"155088cf\" data-element_type=\"widget\" data-settings=\"{&quot;_animation&quot;:&quot;fadeIn&quot;,&quot;_animation_delay&quot;:300}\" data-widget_type=\"heading.default\">\n\t\t\t\t\t<h2 class=\"elementor-heading-title elementor-size-default\">VORA 150 kWh Rack-Type Energy Storage System<\/h2>\t\t\t\t<\/div>\n\t\t\t\t<div class=\"elementor-element elementor-element-57e632fd elementor-widget__width-inherit elementor-invisible elementor-widget elementor-widget-text-editor\" data-id=\"57e632fd\" data-element_type=\"widget\" data-settings=\"{&quot;_animation&quot;:&quot;fadeIn&quot;,&quot;_animation_delay&quot;:400}\" data-widget_type=\"text-editor.default\">\n\t\t\t\t\t\t\t\t\tHigh-capacity 150 kWh LFP system; provides reliable energy storage with advanced BMS protection, 47U rack design and industrial durability.\t\t\t\t\t\t\t\t<\/div>\n\t\t\t\t<div class=\"elementor-element elementor-element-1aa5545 elementor-widget__width-auto elementor-widget elementor-widget-ha-creative-button happy-addon ha-creative-button\" data-id=\"1aa5545\" data-element_type=\"widget\" data-widget_type=\"ha-creative-button.default\">\n\t\t\t\t\t\t\t<div data-magnetic=\"no\" class=\"ha-creative-btn-wrap\">\n\t\t\t<a class=\"ha-creative-btn ha-stl--hermosa ha-eft--bloom\" href=\"https:\/\/enavoltenergy.com\/en\/our-products\/high-voltage-batteries\/vora-150-kwh-rack-type-energy-storage-system\/\" rel=\"nofollow\"><div><\/div><span>REVIEW<\/span><\/a>\n\t\t<\/div>\t\t\t\t<\/div>\n\t\t\t\t<\/div>\n\t\t<div class=\"elementor-element elementor-element-280a32b6 e-con-full e-flex e-con e-child\" data-id=\"280a32b6\" data-element_type=\"container\" data-settings=\"{&quot;_ha_eqh_enable&quot;:false}\">\n\t\t\t\t<div class=\"elementor-element elementor-element-26b31a64 ha-has-bg-overlay elementor-widget elementor-widget-image\" data-id=\"26b31a64\" data-element_type=\"widget\" data-widget_type=\"image.default\">\n\t\t\t\t\t\t\t\t\t\t\t\t\t\t\t<img decoding=\"async\" width=\"800\" height=\"630\" src=\"https:\/\/enavoltenergy.com\/wp-content\/uploads\/2025\/09\/43hoPwksyts0RqWRlgq5BW3vS9E.webp\" class=\"attachment-large size-large wp-image-366\" alt=\"\" srcset=\"https:\/\/enavoltenergy.com\/wp-content\/uploads\/2025\/09\/43hoPwksyts0RqWRlgq5BW3vS9E.webp 1024w, https:\/\/enavoltenergy.com\/wp-content\/uploads\/2025\/09\/43hoPwksyts0RqWRlgq5BW3vS9E-300x236.webp 300w, https:\/\/enavoltenergy.com\/wp-content\/uploads\/2025\/09\/43hoPwksyts0RqWRlgq5BW3vS9E-768x605.webp 768w\" sizes=\"(max-width: 800px) 100vw, 800px\" \/>\t\t\t\t\t\t\t\t\t\t\t\t\t\t\t<\/div>\n\t\t\t\t<div class=\"elementor-element elementor-element-29053bee elementor-widget elementor-widget-ha-creative-button happy-addon ha-creative-button\" data-id=\"29053bee\" data-element_type=\"widget\" data-widget_type=\"ha-creative-button.default\">\n\t\t\t\t\t\t\t<div data-magnetic=\"no\" class=\"ha-creative-btn-wrap\">\n\t\t\t<a class=\"ha-creative-btn ha-stl--hermosa ha-eft--downhill\" href=\"https:\/\/enavoltenergy.com\/en\/our-products\/high-voltage-batteries\/vora-300-kwh-rack-type-energy-storage-system\/\" rel=\"nofollow\"><span><span>HIGH VOLTAGE<\/span><\/span><\/a>\n\t\t<\/div>\t\t\t\t<\/div>\n\t\t\t\t<div class=\"elementor-element elementor-element-1bebfbd9 elementor-widget__width-inherit elementor-invisible elementor-widget elementor-widget-heading\" data-id=\"1bebfbd9\" data-element_type=\"widget\" data-settings=\"{&quot;_animation&quot;:&quot;fadeIn&quot;,&quot;_animation_delay&quot;:300}\" data-widget_type=\"heading.default\">\n\t\t\t\t\t<h2 class=\"elementor-heading-title elementor-size-default\">VORA 300 kWh Rack Type Energy Storage System<\/h2>\t\t\t\t<\/div>\n\t\t\t\t<div class=\"elementor-element elementor-element-4d35e109 elementor-widget__width-inherit elementor-invisible elementor-widget elementor-widget-text-editor\" data-id=\"4d35e109\" data-element_type=\"widget\" data-settings=\"{&quot;_animation&quot;:&quot;fadeIn&quot;,&quot;_animation_delay&quot;:400}\" data-widget_type=\"text-editor.default\">\n\t\t\t\t\t\t\t\t\tThe 300 kWh capacity LFP system offers a reliable solution for large-scale energy storage with its robust BMS protection, 47U rack design and industrial durability.\t\t\t\t\t\t\t\t<\/div>\n\t\t\t\t<div class=\"elementor-element elementor-element-4b4df95a elementor-widget__width-auto elementor-widget elementor-widget-ha-creative-button happy-addon ha-creative-button\" data-id=\"4b4df95a\" data-element_type=\"widget\" data-widget_type=\"ha-creative-button.default\">\n\t\t\t\t\t\t\t<div data-magnetic=\"no\" class=\"ha-creative-btn-wrap\">\n\t\t\t<a class=\"ha-creative-btn ha-stl--hermosa ha-eft--bloom\" href=\"https:\/\/enavoltenergy.com\/en\/our-products\/high-voltage-batteries\/vora-300-kwh-rack-type-energy-storage-system\/\" rel=\"nofollow\"><div><\/div><span>REVIEW<\/span><\/a>\n\t\t<\/div>\t\t\t\t<\/div>\n\t\t\t\t<\/div>\n\t\t<div class=\"elementor-element elementor-element-1f764451 e-con-full e-flex e-con e-child\" data-id=\"1f764451\" data-element_type=\"container\" data-settings=\"{&quot;_ha_eqh_enable&quot;:false}\">\n\t\t\t\t<div class=\"elementor-element elementor-element-100cd91a ha-has-bg-overlay elementor-widget elementor-widget-image\" data-id=\"100cd91a\" data-element_type=\"widget\" data-widget_type=\"image.default\">\n\t\t\t\t\t\t\t\t\t\t\t\t\t\t\t<img decoding=\"async\" width=\"800\" height=\"888\" src=\"https:\/\/enavoltenergy.com\/wp-content\/uploads\/2025\/09\/a9XWXBFJzXjD5f3OTM0PJlbKxA4.avif\" class=\"attachment-large size-large wp-image-370\" alt=\"\" srcset=\"https:\/\/enavoltenergy.com\/wp-content\/uploads\/2025\/09\/a9XWXBFJzXjD5f3OTM0PJlbKxA4.avif 923w, https:\/\/enavoltenergy.com\/wp-content\/uploads\/2025\/09\/a9XWXBFJzXjD5f3OTM0PJlbKxA4-270x300.avif 270w, https:\/\/enavoltenergy.com\/wp-content\/uploads\/2025\/09\/a9XWXBFJzXjD5f3OTM0PJlbKxA4-768x852.avif 768w\" sizes=\"(max-width: 800px) 100vw, 800px\" \/>\t\t\t\t\t\t\t\t\t\t\t\t\t\t\t<\/div>\n\t\t\t\t<div class=\"elementor-element elementor-element-31eabfd6 elementor-widget elementor-widget-ha-creative-button happy-addon ha-creative-button\" data-id=\"31eabfd6\" data-element_type=\"widget\" data-widget_type=\"ha-creative-button.default\">\n\t\t\t\t\t\t\t<div data-magnetic=\"no\" class=\"ha-creative-btn-wrap\">\n\t\t\t<a class=\"ha-creative-btn ha-stl--hermosa ha-eft--downhill\" href=\"https:\/\/enavoltenergy.com\/en\/our-products\/high-voltage-batteries\/vora-38-4-kwh-13056-kwh-scalable-rack-type-energy-storage-system\/\" rel=\"nofollow\"><span><span>HIGH VOLTAGE<\/span><\/span><\/a>\n\t\t<\/div>\t\t\t\t<\/div>\n\t\t\t\t<div class=\"elementor-element elementor-element-2961be4f elementor-widget__width-inherit elementor-invisible elementor-widget elementor-widget-heading\" data-id=\"2961be4f\" data-element_type=\"widget\" data-settings=\"{&quot;_animation&quot;:&quot;fadeIn&quot;,&quot;_animation_delay&quot;:300}\" data-widget_type=\"heading.default\">\n\t\t\t\t\t<h2 class=\"elementor-heading-title elementor-size-default\">VORA 38.4 kWh-130.56 kWh SCALABLE RACK-TYPE ENERGY STORAGE SYSTEM<\/h2>\t\t\t\t<\/div>\n\t\t\t\t<div class=\"elementor-element elementor-element-64de9c3c elementor-widget__width-inherit elementor-invisible elementor-widget elementor-widget-text-editor\" data-id=\"64de9c3c\" data-element_type=\"widget\" data-settings=\"{&quot;_animation&quot;:&quot;fadeIn&quot;,&quot;_animation_delay&quot;:400}\" data-widget_type=\"text-editor.default\">\n\t\t\t\t\t\t\t\t\tProvides reliable and compact energy storage with robust BMS protection and a 42U rack design.\t\t\t\t\t\t\t\t<\/div>\n\t\t\t\t<div class=\"elementor-element elementor-element-27bca654 elementor-widget__width-auto elementor-widget elementor-widget-ha-creative-button happy-addon ha-creative-button\" data-id=\"27bca654\" data-element_type=\"widget\" data-widget_type=\"ha-creative-button.default\">\n\t\t\t\t\t\t\t<div data-magnetic=\"no\" class=\"ha-creative-btn-wrap\">\n\t\t\t<a class=\"ha-creative-btn ha-stl--hermosa ha-eft--bloom\" href=\"https:\/\/enavoltenergy.com\/en\/our-products\/high-voltage-batteries\/vora-38-4-kwh-13056-kwh-scalable-rack-type-energy-storage-system\/\" rel=\"nofollow\"><div><\/div><span>REVIEW<\/span><\/a>\n\t\t<\/div>\t\t\t\t<\/div>\n\t\t\t\t<\/div>\n\t\t<div class=\"elementor-element elementor-element-749c688e e-con-full e-flex e-con e-child\" data-id=\"749c688e\" data-element_type=\"container\" data-settings=\"{&quot;_ha_eqh_enable&quot;:false}\">\n\t\t\t\t<div class=\"elementor-element elementor-element-33bd2f83 ha-has-bg-overlay elementor-widget elementor-widget-image\" data-id=\"33bd2f83\" data-element_type=\"widget\" data-widget_type=\"image.default\">\n\t\t\t\t\t\t\t\t\t\t\t\t\t\t\t<img loading=\"lazy\" decoding=\"async\" width=\"800\" height=\"726\" src=\"https:\/\/enavoltenergy.com\/wp-content\/uploads\/2025\/09\/wtgSYCYQIo6bVGV5hUlnS2JU-1.avif\" class=\"attachment-large size-large wp-image-376\" alt=\"\" srcset=\"https:\/\/enavoltenergy.com\/wp-content\/uploads\/2025\/09\/wtgSYCYQIo6bVGV5hUlnS2JU-1.avif 1024w, https:\/\/enavoltenergy.com\/wp-content\/uploads\/2025\/09\/wtgSYCYQIo6bVGV5hUlnS2JU-1-300x272.avif 300w, https:\/\/enavoltenergy.com\/wp-content\/uploads\/2025\/09\/wtgSYCYQIo6bVGV5hUlnS2JU-1-768x697.avif 768w\" sizes=\"(max-width: 800px) 100vw, 800px\" \/>\t\t\t\t\t\t\t\t\t\t\t\t\t\t\t<\/div>\n\t\t\t\t<div class=\"elementor-element elementor-element-56debeee elementor-widget elementor-widget-ha-creative-button happy-addon ha-creative-button\" data-id=\"56debeee\" data-element_type=\"widget\" data-widget_type=\"ha-creative-button.default\">\n\t\t\t\t\t\t\t<div data-magnetic=\"no\" class=\"ha-creative-btn-wrap\">\n\t\t\t<a class=\"ha-creative-btn ha-stl--hermosa ha-eft--downhill\" href=\"https:\/\/enavoltenergy.com\/en\/our-products\/high-voltage-batteries\/vora-19-2-kwh-65-28-kwh-scalable-rack-type-energy-storage-system\/\" rel=\"nofollow\"><span><span>HIGH VOLTAGE<\/span><\/span><\/a>\n\t\t<\/div>\t\t\t\t<\/div>\n\t\t\t\t<div class=\"elementor-element elementor-element-2dcf03eb elementor-widget__width-inherit elementor-invisible elementor-widget elementor-widget-heading\" data-id=\"2dcf03eb\" data-element_type=\"widget\" data-settings=\"{&quot;_animation&quot;:&quot;fadeIn&quot;,&quot;_animation_delay&quot;:300}\" data-widget_type=\"heading.default\">\n\t\t\t\t\t<h2 class=\"elementor-heading-title elementor-size-default\">VORA 19.2 kWh-65.28 kWh  SCALABLE RACK-TYPE  ENERGY STORAGE SYSTEM<\/h2>\t\t\t\t<\/div>\n\t\t\t\t<div class=\"elementor-element elementor-element-24af8352 elementor-widget__width-inherit elementor-invisible elementor-widget elementor-widget-text-editor\" data-id=\"24af8352\" data-element_type=\"widget\" data-settings=\"{&quot;_animation&quot;:&quot;fadeIn&quot;,&quot;_animation_delay&quot;:400}\" data-widget_type=\"text-editor.default\">\n\t\t\t\t\t\t\t\t\tProvides reliable and long-lasting energy storage with advanced BMS protection and a 42U rack design.\t\t\t\t\t\t\t\t<\/div>\n\t\t\t\t<div class=\"elementor-element elementor-element-48b9aab4 elementor-widget__width-auto elementor-widget elementor-widget-ha-creative-button happy-addon ha-creative-button\" data-id=\"48b9aab4\" data-element_type=\"widget\" data-widget_type=\"ha-creative-button.default\">\n\t\t\t\t\t\t\t<div data-magnetic=\"no\" class=\"ha-creative-btn-wrap\">\n\t\t\t<a class=\"ha-creative-btn ha-stl--hermosa ha-eft--bloom\" href=\"https:\/\/enavoltenergy.com\/en\/our-products\/high-voltage-batteries\/vora-19-2-kwh-65-28-kwh-scalable-rack-type-energy-storage-system\/\" rel=\"nofollow\"><div><\/div><span>REVIEW<\/span><\/a>\n\t\t<\/div>\t\t\t\t<\/div>\n\t\t\t\t<\/div>\n\t\t\t\t\t<\/div>\n\t\t\t\t<\/div>\n\t\t\t\t<\/div>","protected":false},"excerpt":{"rendered":"<p>Ana Sayfa T\u00fcm\u00fc Y\u00fcksek Gerilim Bataryalar\u0131 Ev Tipi Enerji Depolama Sitemi Askeri Bataryalar \/ \u00d6zel Tasar\u0131m ve \u00dcretim \u00c7\u00f6z\u00fcmleri Marin \/ Solar Bataryalar End\u00fcstriyel Ara\u00e7 Bataryalar\u0131 Y\u00dcKSEK GER\u0130L\u0130M VORA 150 kWh Rack T\u0130p\u0130 Enerj\u0130 Depolama S\u0130stem\u0130 Y\u00fcksek kapasiteli 150 kWh LFP sistem; geli\u015fmi\u015f BMS korumas\u0131, 47U rack tasar\u0131m\u0131 ve end\u00fcstriyel dayan\u0131kl\u0131l\u0131\u011f\u0131yla g\u00fcvenilir enerji depolama sa\u011flar. [&hellip;]<\/p>","protected":false},"author":1,"featured_media":0,"parent":264,"menu_order":0,"comment_status":"closed","ping_status":"closed","template":"","meta":{"footnotes":""},"class_list":["post-280","page","type-page","status-publish","hentry"],"_links":{"self":[{"href":"https:\/\/enavoltenergy.com\/en\/wp-json\/wp\/v2\/pages\/280","targetHints":{"allow":["GET"]}}],"collection":[{"href":"https:\/\/enavoltenergy.com\/en\/wp-json\/wp\/v2\/pages"}],"about":[{"href":"https:\/\/enavoltenergy.com\/en\/wp-json\/wp\/v2\/types\/page"}],"author":[{"embeddable":true,"href":"https:\/\/enavoltenergy.com\/en\/wp-json\/wp\/v2\/users\/1"}],"replies":[{"embeddable":true,"href":"https:\/\/enavoltenergy.com\/en\/wp-json\/wp\/v2\/comments?post=280"}],"version-history":[{"count":38,"href":"https:\/\/enavoltenergy.com\/en\/wp-json\/wp\/v2\/pages\/280\/revisions"}],"predecessor-version":[{"id":1822,"href":"https:\/\/enavoltenergy.com\/en\/wp-json\/wp\/v2\/pages\/280\/revisions\/1822"}],"up":[{"embeddable":true,"href":"https:\/\/enavoltenergy.com\/en\/wp-json\/wp\/v2\/pages\/264"}],"wp:attachment":[{"href":"https:\/\/enavoltenergy.com\/en\/wp-json\/wp\/v2\/media?parent=280"}],"curies":[{"name":"wp","href":"https:\/\/api.w.org\/{rel}","templated":true}]}}